{"id":9,"date":"2019-10-29T10:04:28","date_gmt":"2019-10-29T10:04:28","guid":{"rendered":"https:\/\/demo.casethemes.net\/consultio-corporate3\/?page_id=9"},"modified":"2025-07-21T02:45:00","modified_gmt":"2025-07-21T02:45:00","slug":"home","status":"publish","type":"page","link":"https:\/\/onanor.mr\/ar\/","title":{"rendered":"Home"},"content":{"rendered":"<div data-elementor-type=\"wp-page\" data-elementor-id=\"9\" class=\"elementor elementor-9\" data-elementor-post-type=\"page\">\n\t\t\t\t        <section class=\"elementor-section elementor-top-section elementor-element elementor-element-8164351 elementor-section-boxed elementor-section-height-default elementor-section-height-default ct-header-fixed-none ct-row-max-none\" data-id=\"8164351\" data-element_type=\"section\">\n            \n                        <div class=\"elementor-container elementor-column-gap-no\">\n                    <div class=\"elementor-column elementor-col-100 elementor-top-column elementor-element elementor-element-80dcfa9\" data-id=\"80dcfa9\" data-element_type=\"column\">\n        <div class=\"elementor-widget-wrap elementor-element-populated\">\n                    \n        \t\t<div class=\"elementor-element elementor-element-73d58d8 elementor-widget elementor-widget-slider_revolution\" data-id=\"73d58d8\" data-element_type=\"widget\" data-widget_type=\"slider_revolution.default\">\n\t\t\t\t<div class=\"elementor-widget-container\">\n\t\t\t\t\t\n\t\t<div class=\"wp-block-themepunch-revslider\">\n\t\t\t\t<p class=\"rs-p-wp-fix\"><\/p>\n\t\t\t\t<sr7-module data-alias=\"slider-1\" data-id=\"1\" id=\"SR7_1_1\" class=\"rs-ov-hidden\" data-version=\"6.7.14\">\n\t\t\t\t\t<sr7-adjuster><\/sr7-adjuster>\n\t\t\t\t\t<sr7-content>\n\t\t\t\t\t\t<sr7-slide id=\"SR7_1_1-3\" data-key=\"3\">\n\t\t\t\t\t\t\t<sr7-bg id=\"SR7_1_1-3-10\" class=\"sr7-layer\"><noscript><img decoding=\"async\" src=\"https:\/\/onanor.mr\/wp-content\/uploads\/2025\/10\/4352006516abc1b119243ecf22e624b9.png\" alt=\"\" title=\"4352006516abc1b119243ecf22e624b9\"><\/noscript><\/sr7-bg>\n\t\t\t\t\t\t\t<a id=\"SR7_1_1-3-2\" class=\"sr7-layer\" href=\"https:\/\/onanor.mr\/ar\/projets-de-normes-en-enquete-publique-nationale\/\" target=\"_self\">\u0633\u0627\u0647\u0645\u0648\u0627 \u0641\u064a \u0625\u0639\u062f\u0627\u062f \u0623\u0648\u0644\u0649 \u0627\u0644\u0645\u0639\u0627\u064a\u064a\u0631 \u0627\u0644\u0645\u0648\u0631\u064a\u062a\u0627\u0646\u064a\u0629<\/a>\n\t\t\t\t\t\t\t<a id=\"SR7_1_1-3-5\" class=\"sr7-layer\" href=\"\" target=\"_self\"><div class=\"ct-slider-next\"><span>01<\/span><\/div><\/a>\n\t\t\t\t\t\t\t<sr7-txt id=\"SR7_1_1-3-6\" class=\"sr7-layer\"><div class=\"ct-slider-prev\"><span>02<\/span><\/div><\/sr7-txt>\n\t\t\t\t\t\t\t<sr7-txt id=\"SR7_1_1-3-9\" class=\"sr7-layer\">\u0645\u0634\u0631\u0648\u0639\u0627\u062a \u0627\u0644\u0645\u0639\u0627\u064a\u064a\u0631 \u0627\u0644\u0645\u0639\u0631\u0648\u0636\u0629 \u0644\u0644\u0627\u0633\u062a\u0634\u0627\u0631\u0629 \u0627\u0644\u0639\u0627\u0645\u0629 \u0627\u0644\u0648\u0637\u0646\u064a\u0629<\/sr7-txt>\n\t\t\t\t\t\t<\/sr7-slide>\n\t\t\t\t\t\t<sr7-slide id=\"SR7_1_1-1\" data-key=\"1\">\n\t\t\t\t\t\t\t<sr7-bg id=\"SR7_1_1-1-6\" class=\"sr7-layer\"><noscript><img decoding=\"async\" src=\"http:\/\/onanor.mr\/wp-content\/uploads\/2025\/07\/WhatsApp-Image-2025-07-20-at-20.42.49.jpeg\" alt=\"\" title=\"WhatsApp Image 2025-07-20 at 20.42.49\"><\/noscript><\/sr7-bg>\n\t\t\t\t\t\t\t<sr7-txt id=\"SR7_1_1-1-2\" class=\"sr7-layer\">\u0627\u0644\u062c\u0648\u062f\u0629 <br \/>\n\u0627\u0644\u062a\u064a \u0646\u0628\u0646\u064a <br \/>\n\u0633\u0648\u064a\u0627<\/sr7-txt>\n\t\t\t\t\t\t\t<sr7-txt id=\"SR7_1_1-1-5\" class=\"sr7-layer\"><div class=\"ct-slider-next\"><span>02<\/span><\/div><\/sr7-txt>\n\t\t\t\t\t\t<\/sr7-slide>\n\t\t\t\t\t\t<sr7-slide id=\"SR7_1_1-2\" data-key=\"2\">\n\t\t\t\t\t\t\t<sr7-bg id=\"SR7_1_1-2-8\" class=\"sr7-layer\"><noscript><img decoding=\"async\" src=\"http:\/\/onanor.mr\/wp-content\/uploads\/2025\/07\/WhatsApp-Image-2025-07-20-at-20.46.20-scaled.jpeg\" alt=\"\" title=\"WhatsApp Image 2025-07-20 at 20.46.20\"><\/noscript><\/sr7-bg>\n\t\t\t\t\t\t\t<sr7-txt id=\"SR7_1_1-2-2\" class=\"sr7-layer\">\u0627\u0644\u062a\u0637\u0648\u064a\u0631 \u0627\u0644\u0645\u0633\u062a\u0645\u0631..<br \/>\n \u0628\u0631\u0648\u062d \u0627\u0644\u0641\u0631\u064a\u0642 \u0627\u0644\u0648\u0627\u062d\u062f<\/sr7-txt>\n\t\t\t\t\t\t\t<sr7-txt id=\"SR7_1_1-2-5\" class=\"sr7-layer\"><div class=\"ct-slider-next\"><span>03<\/span><\/div><\/sr7-txt>\n\t\t\t\t\t\t\t<sr7-txt id=\"SR7_1_1-2-6\" class=\"sr7-layer\"><div class=\"ct-slider-prev\"><span>01<\/span><\/div><\/sr7-txt>\n\t\t\t\t\t\t<\/sr7-slide>\n\t\t\t\t\t\t<sr7-slide id=\"SR7_1_1-4\" data-key=\"4\">\n\t\t\t\t\t\t<\/sr7-slide>\n\t\t\t\t\t<\/sr7-content>\n\t\t\t\t\t<image_lists style=\"display:none\">\n\t\t\t\t\t\t<img data-src=\"\/\/onanor.mr\/wp-content\/uploads\/2025\/05\/IconSlider.png\" data-libid=\"5349\" data-lib=\"medialibrary\" title=\"IconSlider\" width=\"0\" height=\"0\" data-dbsrc=\"Ly9vbmFub3IubXIvd3AtY29udGVudC91cGxvYWRzLzIwMjUvMDUvSWNvblNsaWRlci5wbmc=\"\/>\n\t\t\t\t\t\t<img data-src=\"\/\/onanor.mr\/wp-content\/uploads\/2025\/07\/WhatsApp-Image-2025-07-20-at-20.42.49.jpeg\" data-libid=\"5370\" data-lib=\"medialibrary\" title=\"WhatsApp Image 2025-07-20 at 20.42.49\" width=\"0\" height=\"0\" data-dbsrc=\"Ly9vbmFub3IubXIvd3AtY29udGVudC91cGxvYWRzLzIwMjUvMDcvV2hhdHNBcHAtSW1hZ2UtMjAyNS0wNy0yMC1hdC0yMC40Mi40OS5qcGVn\"\/>\n\t\t\t\t\t\t<img data-src=\"\/\/onanor.mr\/wp-content\/uploads\/2025\/07\/WhatsApp-Image-2025-07-20-at-20.46.20-scaled.jpeg\" data-libid=\"5375\" data-lib=\"medialibrary\" title=\"WhatsApp Image 2025-07-20 at 20.46.20\" width=\"0\" height=\"0\" data-dbsrc=\"Ly9vbmFub3IubXIvd3AtY29udGVudC91cGxvYWRzLzIwMjUvMDcvV2hhdHNBcHAtSW1hZ2UtMjAyNS0wNy0yMC1hdC0yMC40Ni4yMC1zY2FsZWQuanBlZw==\"\/>\n\t\t\t\t\t\t<img loading=\"lazy\" data-src=\"\/\/onanor.mr\/wp-content\/uploads\/2025\/10\/4352006516abc1b119243ecf22e624b9.png\" data-libid=\"5512\" data-lib=\"medialibrary\" title=\"4352006516abc1b119243ecf22e624b9\" width=\"0\" height=\"0\" data-dbsrc=\"Ly9vbmFub3IubXIvd3AtY29udGVudC91cGxvYWRzLzIwMjUvMTAvNDM1MjAwNjUxNmFiYzFiMTE5MjQzZWNmMjJlNjI0YjkucG5n\"\/>\n\t\t\t\t\t<\/image_lists>\n\t\t\t\t<\/sr7-module>\n\t\t\t\t<script>\n\t\t\t\t\tSR7.PMH ??={}; SR7.PMH[\"SR7_1_1\"] = {cn:0,state:false,fn: function() { if (_tpt!==undefined && _tpt.prepareModuleHeight !== undefined) {  _tpt.prepareModuleHeight({id:\"SR7_1_1\",el:[580,580,580,580,540],type:'standard',shdw:'0',gh:[580,580,580,580,540],gw:[1230,1230,1024,778,480],vpt:['-200px&#039;,&#039;-200px&#039;,&#039;-200px&#039;,&#039;-200px&#039;,&#039;-200px'],size:{fullWidth:true, fullHeight:false},mh:'0',onh:0,onw:0,bg:{color:'{\"orig\":\"transparent\",\"type\":\"solid\",\"string\":\"transparent\"}'},plType:'0',plColor:'#FFFFFF'});   SR7.PMH[\"SR7_1_1\"].state=true;} else if((SR7.PMH[\"SR7_1_1\"].cn++)<100)\tsetTimeout( SR7.PMH[\"SR7_1_1\"].fn,19);}};SR7.PMH[\"SR7_1_1\" ].fn();\n\t\t\t\t<\/script>\n<\/div>\n\n\t\t\t\t\t\t<\/div>\n\t\t\t\t<\/div>\n\t\t            <\/div>\n        <\/div>\n                    <\/div>\n        <\/section>\n                <section class=\"elementor-section elementor-top-section elementor-element elementor-element-e77186b elementor-section-boxed elementor-section-height-default elementor-section-height-default ct-header-fixed-none ct-row-max-none\" data-id=\"e77186b\" data-element_type=\"section\">\n            \n                        <div class=\"elementor-container elementor-column-gap-extended\">\n                    <div class=\"elementor-column elementor-col-100 elementor-top-column elementor-element elementor-element-7b869be\" data-id=\"7b869be\" data-element_type=\"column\">\n        <div class=\"elementor-widget-wrap elementor-element-populated\">\n                    \n        \t\t<div class=\"elementor-element elementor-element-ea4e5e2 elementor-widget elementor-widget-ct_service_carousel\" data-id=\"ea4e5e2\" data-element_type=\"widget\" data-widget_type=\"ct_service_carousel.default\">\n\t\t\t\t<div class=\"elementor-widget-container\">\n\t\t\t\t\t\r\n<div id=\"ct_service_carousel-ea4e5e2\" class=\"ct-service-carousel10 dot-style-u4 ct-slick-slider\">\r\n    <div class=\"ct-carousel-inner\">\r\n        <div class=\"ct-slick-carousel slick-arrow-style3\" data-arrows=\"\" data-dots=\"false\" data-pauseonhover=\"false\" data-autoplay=\"false\" data-autoplayspeed=\"5000\" data-infinite=\"\" data-speed=\"500\" data-colxs=\"1\" data-colsm=\"2\" data-colmd=\"2\" data-collg=\"3\" data-colxl=\"3\" data-dir=\"true\" data-slidestoscroll=\"1\">\r\n                    <div class=\"carousel-item slick-slide\">\r\n                <div class=\"grid-item-inner item-icon-active  active-featured\">\r\n\r\n                                                                <div class=\"item--icon\">\r\n                            <img loading=\"lazy\" decoding=\"async\" width=\"519\" height=\"400\" src=\"https:\/\/onanor.mr\/wp-content\/uploads\/2020\/03\/scale-balance-icon-symbol-design-illustration-of-the-law-balance-icon-image-eps-10-vector.jpg\" class=\"attachment-full\" alt=\"\" \/>                        <\/div>\r\n                                                                <h3 class=\"item--title\"><a href=\"https:\/\/onanor.mr\/ar\/service\/metrologie\/\">\u0627\u0644\u0645\u0639\u0627\u064a\u0631\u0629<\/a><\/h3>\r\n                                                        <\/div>\r\n            <\/div>\r\n                    <div class=\"carousel-item slick-slide\">\r\n                <div class=\"grid-item-inner item-icon-active  active-featured\">\r\n\r\n                                                                <div class=\"item--icon\">\r\n                            <img loading=\"lazy\" decoding=\"async\" width=\"376\" height=\"505\" src=\"https:\/\/onanor.mr\/wp-content\/uploads\/2020\/03\/istockphoto-1136599028-612x612-1-e1753065370309.jpg\" class=\"attachment-full\" alt=\"\" \/>                        <\/div>\r\n                                                                <h3 class=\"item--title\"><a href=\"https:\/\/onanor.mr\/ar\/service\/certification\/\">\u0627\u0644\u0627\u0639\u062a\u0645\u0627\u062f<\/a><\/h3>\r\n                                                        <\/div>\r\n            <\/div>\r\n                    <div class=\"carousel-item slick-slide\">\r\n                <div class=\"grid-item-inner item-icon-active  active-featured\">\r\n\r\n                                                                <div class=\"item--icon\">\r\n                            <img loading=\"lazy\" decoding=\"async\" width=\"512\" height=\"512\" src=\"https:\/\/onanor.mr\/wp-content\/uploads\/2020\/03\/5759691.png\" class=\"attachment-full\" alt=\"\" \/>                        <\/div>\r\n                                                                <h3 class=\"item--title\"><a href=\"https:\/\/onanor.mr\/ar\/service\/normalisation\/\">\u0627\u0644\u062a\u0642\u064a\u064a\u0633<\/a><\/h3>\r\n                                                        <\/div>\r\n            <\/div>\r\n                    <div class=\"carousel-item slick-slide\">\r\n                <div class=\"grid-item-inner item-icon-active  active-featured\">\r\n\r\n                                            <div class=\"item--icon\"><i class=\"flaticon-diagram\"><\/i><\/div>\r\n                                                                                    <h3 class=\"item--title\"><a href=\"https:\/\/onanor.mr\/ar\/service\/extensive-docs\/\">Extensive Docs<\/a><\/h3>\r\n                                                        <\/div>\r\n            <\/div>\r\n                    <div class=\"carousel-item slick-slide\">\r\n                <div class=\"grid-item-inner item-icon-active  active-featured\">\r\n\r\n                                            <div class=\"item--icon\"><i class=\"flaticon-chart\"><\/i><\/div>\r\n                                                                                    <h3 class=\"item--title\"><a href=\"https:\/\/onanor.mr\/ar\/service\/lifetime-updates\/\">Lifetime Updates<\/a><\/h3>\r\n                                                        <\/div>\r\n            <\/div>\r\n                    <div class=\"carousel-item slick-slide\">\r\n                <div class=\"grid-item-inner item-icon-active  active-featured\">\r\n\r\n                                            <div class=\"item--icon\"><i class=\"flaticon-puzzle\"><\/i><\/div>\r\n                                                                                    <h3 class=\"item--title\"><a href=\"https:\/\/onanor.mr\/ar\/service\/no-coding-skills\/\">No Coding Skills<\/a><\/h3>\r\n                                                        <\/div>\r\n            <\/div>\r\n                <\/div>\r\n    <\/div>\r\n<\/div>\r\n\t\t\t\t<\/div>\n\t\t\t\t<\/div>\n\t\t            <\/div>\n        <\/div>\n                    <\/div>\n        <\/section>\n                <section class=\"elementor-section elementor-top-section elementor-element elementor-element-40041b7 elementor-section-boxed elementor-section-height-default elementor-section-height-default ct-header-fixed-none ct-row-max-none\" data-id=\"40041b7\" data-element_type=\"section\">\n            \n                        <div class=\"elementor-container elementor-column-gap-extended\">\n                    <div class=\"elementor-column elementor-col-100 elementor-top-column elementor-element elementor-element-470665f\" data-id=\"470665f\" data-element_type=\"column\">\n        <div class=\"elementor-widget-wrap elementor-element-populated\">\n                    \n        \t\t<div class=\"elementor-element elementor-element-902c9fe elementor-widget elementor-widget-text-editor\" data-id=\"902c9fe\" data-element_type=\"widget\" data-widget_type=\"text-editor.default\">\n\t\t\t\t<div class=\"elementor-widget-container\">\n\t\t\t\t\t\t\t\t\t<iframe width=\"790\" height=\"475\" src=\"https:\/\/www.youtube.com\/embed\/i-5YtKPgjFs?si=INAjJvyr3m96u4mF\" title=\"YouTube video player\" frameborder=\"0\" allow=\"accelerometer; autoplay; clipboard-write; encrypted-media; gyroscope; picture-in-picture; web-share\" referrerpolicy=\"strict-origin-when-cross-origin\" allowfullscreen><\/iframe>\t\t\t\t\t\t\t\t<\/div>\n\t\t\t\t<\/div>\n\t\t            <\/div>\n        <\/div>\n                    <\/div>\n        <\/section>\n                <section class=\"elementor-section elementor-top-section elementor-element elementor-element-2766262 elementor-section-boxed elementor-section-height-default elementor-section-height-default ct-header-fixed-none ct-row-max-none\" data-id=\"2766262\" data-element_type=\"section\">\n            \n                        <div class=\"elementor-container elementor-column-gap-extended\">\n                    <div class=\"elementor-column elementor-col-100 elementor-top-column elementor-element elementor-element-12395e2\" data-id=\"12395e2\" data-element_type=\"column\">\n        <div class=\"elementor-widget-wrap elementor-element-populated\">\n                    \n        \t\t<div class=\"elementor-element elementor-element-2efdeb0 elementor-widget elementor-widget-ct_heading\" data-id=\"2efdeb0\" data-element_type=\"widget\" data-widget_type=\"ct_heading.default\">\n\t\t\t\t<div class=\"elementor-widget-container\">\n\t\t\t\t\t<div id=\"ct_heading-2efdeb0\" class=\"ct-heading h-align- sub-style3 ct-heading-left item-st-line-bottom1\">\r\n\t<div class=\"ct-item--inner\">\r\n        <div class=\"ct-inline-css\"  data-css=\"            \">\r\n        <\/div>\r\n                <h3 class=\"item--title st-line-bottom1 case-animate-time\" data-wow-delay=\"ms\">\r\n                        <span class=\"sp-main\">\r\n                \r\n                \u0622\u062e\u0631 \u0623\u062e\u0628\u0627\u0631\u0646\u0627\r\n                \r\n                            <\/span>\r\n                            <div class=\"ct-heading-divider\"><span><\/span><\/div>\r\n                    <\/h3>\r\n    <\/div>\r\n<\/div>\t\t\t\t<\/div>\n\t\t\t\t<\/div>\n\t\t\t\t<div class=\"elementor-element elementor-element-42ad561 elementor-widget elementor-widget-ct_blog_carousel\" data-id=\"42ad561\" data-element_type=\"widget\" data-widget_type=\"ct_blog_carousel.default\">\n\t\t\t\t<div class=\"elementor-widget-container\">\n\t\t\t\t\t\r\n<div id=\"ct_blog_carousel-42ad561\" class=\"ct-blog-carousel-layout2 ct-slick-slider style2\">\r\n    <div class=\"ct-carousel-inner\">\r\n        <div class=\"ct-slick-carousel\" data-arrows=\"false\" data-dots=\"true\" data-pauseonhover=\"true\" data-autoplay=\"false\" data-autoplayspeed=\"5000\" data-infinite=\"true\" data-speed=\"500\" data-dir=\"true\" data-colxs=\"1\" data-colsm=\"2\" data-colmd=\"2\" data-collg=\"3\" data-colxl=\"3\" data-slidestoscroll=\"3\">\r\n\r\n                    <div class=\"carousel-item slick-slide\">\r\n                <div class=\"grid-item-inner\">\r\n                                            <div class=\"item--featured\">\r\n                            <a href=\"https:\/\/onanor.mr\/ar\/2025\/05\/13\/rassemblement-arabe-de-la-metrologie-en-arabie-saoudite\/\"><img loading=\"lazy\" decoding=\"async\" class=\"\" src=\"https:\/\/onanor.mr\/wp-content\/uploads\/2025\/07\/SMC_N13052025-600x320.jpg\" width=\"600\" height=\"320\" alt=\"SMC_N13052025\" title=\"SMC_N13052025\" \/><\/a>\r\n                        <\/div>\r\n                                        <div class=\"item--body\">\r\n                        <div class=\"item--holder\">\r\n                                                            <ul class=\"item--meta\">\r\n                                                                            <li class=\"item-date\"><i class=\"fac fac-calendar-alt\"><\/i>13\/05\/2025<\/li>\r\n                                                                                                        <\/ul>\r\n                                                        <h3 class=\"item--title\"><a href=\"https:\/\/onanor.mr\/ar\/2025\/05\/13\/rassemblement-arabe-de-la-metrologie-en-arabie-saoudite\/\">\u0627\u0644\u062a\u062c\u0645\u0639 \u0627\u0644\u0639\u0631\u0628\u064a \u0644\u0644\u0645\u064a\u062a\u0631\u0648\u0644\u0648\u062c\u064a\u0627 \u0641\u064a \u0627\u0644\u0645\u0645\u0644\u0643\u0629 \u0627\u0644\u0639\u0631\u0628\u064a\u0629 \u0627\u0644\u0633\u0639\u0648\u062f\u064a\u0629<\/a><\/h3>\r\n                                                                                <\/div>\r\n                    <\/div>\r\n                <\/div>\r\n            <\/div>\r\n                    <div class=\"carousel-item slick-slide\">\r\n                <div class=\"grid-item-inner\">\r\n                                            <div class=\"item--featured\">\r\n                            <a href=\"https:\/\/onanor.mr\/ar\/2025\/04\/14\/atelier-de-sensibilisation-sur-la-metrologie-a-luniversite-de-nouakchott\/\"><img loading=\"lazy\" decoding=\"async\" class=\"\" src=\"https:\/\/onanor.mr\/wp-content\/uploads\/2025\/07\/WhatsApp-Image-2025-07-20-at-21.37.13-3-600x320.jpeg\" width=\"600\" height=\"320\" alt=\"WhatsApp Image 2025-07-20 at 21.37.13 (3)\" title=\"WhatsApp Image 2025-07-20 at 21.37.13 (3)\" \/><\/a>\r\n                        <\/div>\r\n                                        <div class=\"item--body\">\r\n                        <div class=\"item--holder\">\r\n                                                            <ul class=\"item--meta\">\r\n                                                                            <li class=\"item-date\"><i class=\"fac fac-calendar-alt\"><\/i>14\/04\/2025<\/li>\r\n                                                                                                        <\/ul>\r\n                                                        <h3 class=\"item--title\"><a href=\"https:\/\/onanor.mr\/ar\/2025\/04\/14\/atelier-de-sensibilisation-sur-la-metrologie-a-luniversite-de-nouakchott\/\">\u0648\u0631\u0634\u0629 \u062a\u0648\u0639\u064a\u0629 \u062d\u0648\u0644 \u0627\u0644\u0645\u064a\u062a\u0631\u0648\u0644\u0648\u062c\u064a\u0627 \u0628\u062c\u0627\u0645\u0639\u0629 \u0646\u0648\u0627\u0643\u0634\u0648\u0637<\/a><\/h3>\r\n                                                                                <\/div>\r\n                    <\/div>\r\n                <\/div>\r\n            <\/div>\r\n                    <div class=\"carousel-item slick-slide\">\r\n                <div class=\"grid-item-inner\">\r\n                                            <div class=\"item--featured\">\r\n                            <a href=\"https:\/\/onanor.mr\/ar\/2024\/10\/14\/celebration-de-la-journee-mondiale-de-la-normalisation\/\"><img loading=\"lazy\" decoding=\"async\" class=\"\" src=\"https:\/\/onanor.mr\/wp-content\/uploads\/2025\/07\/WhatsApp-Image-2025-07-20-at-20.42.49-600x320.jpeg\" width=\"600\" height=\"320\" alt=\"WhatsApp Image 2025-07-20 at 20.42.49\" title=\"WhatsApp Image 2025-07-20 at 20.42.49\" \/><\/a>\r\n                        <\/div>\r\n                                        <div class=\"item--body\">\r\n                        <div class=\"item--holder\">\r\n                                                            <ul class=\"item--meta\">\r\n                                                                            <li class=\"item-date\"><i class=\"fac fac-calendar-alt\"><\/i>14\/10\/2024<\/li>\r\n                                                                                                        <\/ul>\r\n                                                        <h3 class=\"item--title\"><a href=\"https:\/\/onanor.mr\/ar\/2024\/10\/14\/celebration-de-la-journee-mondiale-de-la-normalisation\/\">\u0627\u0644\u0627\u062d\u062a\u0641\u0627\u0644 \u0628\u0627\u0644\u064a\u0648\u0645 \u0627\u0644\u0639\u0627\u0644\u0645\u064a \u0644\u0644\u062a\u0642\u064a\u064a\u0633<\/a><\/h3>\r\n                                                                                <\/div>\r\n                    <\/div>\r\n                <\/div>\r\n            <\/div>\r\n                <\/div>\r\n    <\/div>\r\n<\/div>\r\n\t\t\t\t<\/div>\n\t\t\t\t<\/div>\n\t\t            <\/div>\n        <\/div>\n                    <\/div>\n        <\/section>\n        \t\t<\/div>","protected":false},"excerpt":{"rendered":"<p>M\u00e9trologie Certification Normalisation Extensive Docs Lifetime Updates No Coding Skills NOS ACTUALIT\u00c9S 13\/05\/2025 Rassemblement arabe de la m\u00e9trologie en Arabie Saoudite 14\/04\/2025 Atelier de sensibilisation sur la m\u00e9trologie \u00e0 l\u2019Universit\u00e9 de Nouakchott 14\/10\/2024 C\u00e9l\u00e9bration de la Journ\u00e9e Mondiale de la Normalisation<\/p>","protected":false},"author":1,"featured_media":0,"parent":0,"menu_order":0,"comment_status":"closed","ping_status":"closed","template":"","meta":{"footnotes":""},"class_list":["post-9","page","type-page","status-publish","hentry"],"_links":{"self":[{"href":"https:\/\/onanor.mr\/ar\/wp-json\/wp\/v2\/pages\/9","targetHints":{"allow":["GET"]}}],"collection":[{"href":"https:\/\/onanor.mr\/ar\/wp-json\/wp\/v2\/pages"}],"about":[{"href":"https:\/\/onanor.mr\/ar\/wp-json\/wp\/v2\/types\/page"}],"author":[{"embeddable":true,"href":"https:\/\/onanor.mr\/ar\/wp-json\/wp\/v2\/users\/1"}],"replies":[{"embeddable":true,"href":"https:\/\/onanor.mr\/ar\/wp-json\/wp\/v2\/comments?post=9"}],"version-history":[{"count":12,"href":"https:\/\/onanor.mr\/ar\/wp-json\/wp\/v2\/pages\/9\/revisions"}],"predecessor-version":[{"id":5443,"href":"https:\/\/onanor.mr\/ar\/wp-json\/wp\/v2\/pages\/9\/revisions\/5443"}],"wp:attachment":[{"href":"https:\/\/onanor.mr\/ar\/wp-json\/wp\/v2\/media?parent=9"}],"curies":[{"name":"wp","href":"https:\/\/api.w.org\/{rel}","templated":true}]}}