{"id":5529,"date":"2025-10-13T19:02:31","date_gmt":"2025-10-13T19:02:31","guid":{"rendered":"https:\/\/onanor.mr\/?page_id=5529"},"modified":"2025-10-13T19:22:20","modified_gmt":"2025-10-13T19:22:20","slug":"textes-juridiques","status":"publish","type":"page","link":"https:\/\/onanor.mr\/ar\/textes-juridiques\/","title":{"rendered":"Textes Juridiques"},"content":{"rendered":"<div data-elementor-type=\"wp-page\" data-elementor-id=\"5529\" class=\"elementor elementor-5529\" data-elementor-post-type=\"page\">\n\t\t\t\t<div class=\"elementor-element elementor-element-61341d5 e-flex e-con-boxed e-con e-parent\" data-id=\"61341d5\" data-element_type=\"container\">\n\t\t\t\t\t<div class=\"e-con-inner\">\n\t\t\t\t<div class=\"elementor-element elementor-element-792f6da elementor-widget elementor-widget-ct_title\" data-id=\"792f6da\" data-element_type=\"widget\" data-widget_type=\"ct_title.default\">\n\t\t\t\t<div class=\"elementor-widget-container\">\n\t\t\t\t\t<div class=\"ct-title1 style2\">\r\n    <h3>\r\n    \t\t        <span>Textes Juridiques<\/span>\r\n\t        <i><\/i>\r\n\t        <\/h3>\r\n<\/div>\t\t\t\t<\/div>\n\t\t\t\t<\/div>\n\t\t\t\t\t<\/div>\n\t\t\t\t<\/div>\n\t\t<div class=\"elementor-element elementor-element-120f5b4 e-grid e-con-boxed e-con e-parent\" data-id=\"120f5b4\" data-element_type=\"container\">\n\t\t\t\t\t<div class=\"e-con-inner\">\n\t\t\t\t<div class=\"elementor-element elementor-element-bbb72ba elementor-widget elementor-widget-ct_button\" data-id=\"bbb72ba\" data-element_type=\"widget\" data-widget_type=\"ct_button.default\">\n\t\t\t\t<div class=\"elementor-widget-container\">\n\t\t\t\t\t<div id=\"ct_button-bbb72ba\" class=\"ct-button-wrapper ct-button-layout1 icon-left btn--flex\">\r\n    <div class=\"ct-inline-css\"  data-css=\"        \">\r\n    <\/div>\r\n            <span class=\"ct-icon-active\"><\/span>\r\n        <a href=\"https:\/\/onanor.mr\/wp-content\/uploads\/2025\/10\/Loi_numero_2010_030_organisant_la_metrologie.pdf\" class=\"btn btn-default icon-active btn-inline-block\" data-wow-delay=\"ms\">\r\n                            <span class=\"ct-button-icon ct-align-icon-left\">\r\n                <i aria-hidden=\"true\" class=\"far fa-folder-open\"><\/i>            <\/span>\r\n                <span class=\"ct-button-text\">Loi organisant la M\u00e9trologie<\/span>\r\n    <\/a>\r\n<\/div>\t\t\t\t<\/div>\n\t\t\t\t<\/div>\n\t\t\t\t<div class=\"elementor-element elementor-element-8546858 elementor-widget elementor-widget-ct_button\" data-id=\"8546858\" data-element_type=\"widget\" data-widget_type=\"ct_button.default\">\n\t\t\t\t<div class=\"elementor-widget-container\">\n\t\t\t\t\t<div id=\"ct_button-8546858\" class=\"ct-button-wrapper ct-button-layout1 icon-left btn--inline\">\r\n    <div class=\"ct-inline-css\"  data-css=\"        \">\r\n    <\/div>\r\n            <span class=\"ct-icon-active\"><\/span>\r\n        <a href=\"https:\/\/onanor.mr\/wp-content\/uploads\/2025\/10\/Loi-Normalisation-N-2010-003.pdf\" class=\"btn btn-default icon-active btn-inline-block\" data-wow-delay=\"ms\">\r\n                            <span class=\"ct-button-icon ct-align-icon-left\">\r\n                <i aria-hidden=\"true\" class=\"far fa-folder-open\"><\/i>            <\/span>\r\n                <span class=\"ct-button-text\">Loi sur la Normalisation et la promotion de la qualit\u00e9<\/span>\r\n    <\/a>\r\n<\/div>\t\t\t\t<\/div>\n\t\t\t\t<\/div>\n\t\t\t\t<div class=\"elementor-element elementor-element-6d84096 elementor-widget elementor-widget-ct_button\" data-id=\"6d84096\" data-element_type=\"widget\" data-widget_type=\"ct_button.default\">\n\t\t\t\t<div class=\"elementor-widget-container\">\n\t\t\t\t\t<div id=\"ct_button-6d84096\" class=\"ct-button-wrapper ct-button-layout1 icon-left btn--inline\">\r\n    <div class=\"ct-inline-css\"  data-css=\"        \">\r\n    <\/div>\r\n            <span class=\"ct-icon-active\"><\/span>\r\n        <a href=\"https:\/\/onanor.mr\/wp-content\/uploads\/2025\/10\/decret-office-fr.pdf\" class=\"btn btn-default icon-active btn-inline-block\" data-wow-delay=\"ms\">\r\n                            <span class=\"ct-button-icon ct-align-icon-left\">\r\n                <i aria-hidden=\"true\" class=\"far fa-folder-open\"><\/i>            <\/span>\r\n                <span class=\"ct-button-text\">D\u00e9cret de cr\u00e9ation d\u2019ONANOR<\/span>\r\n    <\/a>\r\n<\/div>\t\t\t\t<\/div>\n\t\t\t\t<\/div>\n\t\t\t\t<div class=\"elementor-element elementor-element-cb3136f elementor-widget elementor-widget-ct_button\" data-id=\"cb3136f\" data-element_type=\"widget\" data-widget_type=\"ct_button.default\">\n\t\t\t\t<div class=\"elementor-widget-container\">\n\t\t\t\t\t<div id=\"ct_button-cb3136f\" class=\"ct-button-wrapper ct-button-layout1 icon-left btn--inline\">\r\n    <div class=\"ct-inline-css\"  data-css=\"        \">\r\n    <\/div>\r\n            <span class=\"ct-icon-active\"><\/span>\r\n        <a href=\"https:\/\/onanor.mr\/wp-content\/uploads\/2025\/10\/Decret-delaboration-des-normes-en-francais-3.pdf\" class=\"btn btn-default icon-active btn-inline-block\" data-wow-delay=\"ms\">\r\n                            <span class=\"ct-button-icon ct-align-icon-left\">\r\n                <i aria-hidden=\"true\" class=\"far fa-folder-open\"><\/i>            <\/span>\r\n                <span class=\"ct-button-text\">D\u00e9cret sur l\u2019\u00e9laboration des normes nationales<\/span>\r\n    <\/a>\r\n<\/div>\t\t\t\t<\/div>\n\t\t\t\t<\/div>\n\t\t\t\t\t<\/div>\n\t\t\t\t<\/div>\n\t\t\t\t<\/div>","protected":false},"excerpt":{"rendered":"<p>Textes Juridiques Loi organisant la M\u00e9trologie Loi sur la Normalisation et la promotion de la qualit\u00e9 D\u00e9cret de cr\u00e9ation d\u2019ONANOR D\u00e9cret sur l\u2019\u00e9laboration des normes nationales<\/p>","protected":false},"author":1,"featured_media":0,"parent":0,"menu_order":0,"comment_status":"closed","ping_status":"closed","template":"","meta":{"footnotes":""},"class_list":["post-5529","page","type-page","status-publish","hentry"],"_links":{"self":[{"href":"https:\/\/onanor.mr\/ar\/wp-json\/wp\/v2\/pages\/5529","targetHints":{"allow":["GET"]}}],"collection":[{"href":"https:\/\/onanor.mr\/ar\/wp-json\/wp\/v2\/pages"}],"about":[{"href":"https:\/\/onanor.mr\/ar\/wp-json\/wp\/v2\/types\/page"}],"author":[{"embeddable":true,"href":"https:\/\/onanor.mr\/ar\/wp-json\/wp\/v2\/users\/1"}],"replies":[{"embeddable":true,"href":"https:\/\/onanor.mr\/ar\/wp-json\/wp\/v2\/comments?post=5529"}],"version-history":[{"count":10,"href":"https:\/\/onanor.mr\/ar\/wp-json\/wp\/v2\/pages\/5529\/revisions"}],"predecessor-version":[{"id":5547,"href":"https:\/\/onanor.mr\/ar\/wp-json\/wp\/v2\/pages\/5529\/revisions\/5547"}],"wp:attachment":[{"href":"https:\/\/onanor.mr\/ar\/wp-json\/wp\/v2\/media?parent=5529"}],"curies":[{"name":"wp","href":"https:\/\/api.w.org\/{rel}","templated":true}]}}