{"id":407,"date":"2019-11-11T08:33:51","date_gmt":"2019-11-11T08:33:51","guid":{"rendered":"https:\/\/demo.casethemes.net\/consultio-corporate3\/?page_id=407"},"modified":"2025-07-21T01:31:00","modified_gmt":"2025-07-21T01:31:00","slug":"prestations-normalisation","status":"publish","type":"page","link":"https:\/\/onanor.mr\/ar\/prestations-normalisation\/","title":{"rendered":"\u0627\u0644\u062a\u0642\u064a\u064a\u0633"},"content":{"rendered":"<div data-elementor-type=\"wp-page\" data-elementor-id=\"407\" class=\"elementor elementor-407\" data-elementor-post-type=\"page\">\n\t\t\t\t        <section class=\"elementor-section elementor-top-section elementor-element elementor-element-f019bad elementor-section-content-middle elementor-section-boxed elementor-section-height-default elementor-section-height-default ct-header-fixed-none ct-row-max-none\" data-id=\"f019bad\" data-element_type=\"section\">\n            \n                        <div class=\"elementor-container elementor-column-gap-extended\">\n                    <div class=\"elementor-column elementor-col-50 elementor-top-column elementor-element elementor-element-5ce29c2\" data-id=\"5ce29c2\" data-element_type=\"column\">\n        <div class=\"elementor-widget-wrap elementor-element-populated\">\n                    \n        \t\t<div class=\"elementor-element elementor-element-d3b6aca elementor-widget elementor-widget-ct_heading\" data-id=\"d3b6aca\" data-element_type=\"widget\" data-widget_type=\"ct_heading.default\">\n\t\t\t\t<div class=\"elementor-widget-container\">\n\t\t\t\t\t<div id=\"ct_heading-d3b6aca\" class=\"ct-heading h-align- sub-style1 ct-heading-left item-st-line-left3\">\r\n\t<div class=\"ct-item--inner\">\r\n        <div class=\"ct-inline-css\"  data-css=\"            \">\r\n        <\/div>\r\n                <h3 class=\"item--title st-line-left3 case-animate-time\" data-wow-delay=\"ms\">\r\n                        <span class=\"sp-main\">\r\n                \r\n                Prestations en Normalisation\r\n                \r\n                                    <i class=\"dot-shape\">\r\n                        <i><\/i>\r\n                        <i><\/i>\r\n                        <i><\/i>\r\n                        <i><\/i>\r\n                        <i><\/i>\r\n                        <i><\/i>\r\n                    <\/i>\r\n                            <\/span>\r\n                    <\/h3>\r\n    <\/div>\r\n<\/div>\t\t\t\t<\/div>\n\t\t\t\t<\/div>\n\t\t            <\/div>\n        <\/div>\n                <div class=\"elementor-column elementor-col-50 elementor-top-column elementor-element elementor-element-877c444\" data-id=\"877c444\" data-element_type=\"column\">\n        <div class=\"elementor-widget-wrap elementor-element-populated\">\n                    \n        \t\t<div class=\"elementor-element elementor-element-8a619a7 elementor-widget elementor-widget-text-editor\" data-id=\"8a619a7\" data-element_type=\"widget\" data-widget_type=\"text-editor.default\">\n\t\t\t\t<div class=\"elementor-widget-container\">\n\t\t\t\t\t\t\t\t\t<p>______________<\/p>\t\t\t\t\t\t\t\t<\/div>\n\t\t\t\t<\/div>\n\t\t            <\/div>\n        <\/div>\n                    <\/div>\n        <\/section>\n                <section class=\"elementor-section elementor-top-section elementor-element elementor-element-7d640f1 elementor-section-boxed elementor-section-height-default elementor-section-height-default ct-header-fixed-none ct-row-max-none\" data-id=\"7d640f1\" data-element_type=\"section\">\n            \n                        <div class=\"elementor-container elementor-column-gap-extended\">\n                    <div class=\"elementor-column elementor-col-100 elementor-top-column elementor-element elementor-element-1e2ce89\" data-id=\"1e2ce89\" data-element_type=\"column\">\n        <div class=\"elementor-widget-wrap elementor-element-populated\">\n                    \n        \t\t<div class=\"elementor-element elementor-element-0cb9052 elementor-widget elementor-widget-text-editor\" data-id=\"0cb9052\" data-element_type=\"widget\" data-widget_type=\"text-editor.default\">\n\t\t\t\t<div class=\"elementor-widget-container\">\n\t\t\t\t\t\t\t\t\t<p>L\u2019Office National de la Normalisation et de la M\u00e9trologie de Mauritanie a pour mission fondamentale de garantir l\u2019acc\u00e8s \u00e0 des normes de qualit\u00e9 et de s\u00e9curit\u00e9 adapt\u00e9es \u00e0 notre environnement \u00e9conomique et social. \u00c0 cet \u00e9gard, nous sommes fiers de proposer un acc\u00e8s \u00e0 plus de 25 000 normes et r\u00e9f\u00e9rentiels ISO (<a href=\"https:\/\/www.iso.org\/fr\/home.html\">https:\/\/www.iso.org\/fr\/home.html<\/a> ), qui constituent des outils essentiels pour la conformit\u00e9 et l\u2019am\u00e9lioration continue des pratiques au sein des \u00e9tablissements.<\/p><p>Notre d\u00e9marche ne se limite pas seulement \u00e0 la mise \u00e0 disposition de ces normes. Nous offrons \u00e9galement un accompagnement personnalis\u00e9 aux organisations souhaitant implanter les normes au sein de leurs processus. Notre \u00e9quipe d\u2019experts est \u00e0 votre disposition pour vous aider \u00e0 comprendre les exigences sp\u00e9cifiques des normes, \u00e0 les int\u00e9grer efficacement dans votre fonctionnement quotidien et \u00e0 former le personnel concern\u00e9. Ce soutien est con\u00e7u pour faciliter la transition vers des pratiques conformes aux standards internationaux et pour garantir une mise en \u0153uvre r\u00e9ussie.<\/p><p>En outre, l\u2019Office a pour responsabilit\u00e9 la cr\u00e9ation de normes mauritaniennes qui r\u00e9pondent aux besoins sp\u00e9cifiques de notre march\u00e9 et de notre soci\u00e9t\u00e9. Ce processus de d\u00e9veloppement normatif implique la collaboration avec divers acteurs afin de s\u2019assurer que nos normes soient pertinentes, applicables et align\u00e9es sur les meilleures pratiques internationales.<\/p><p>Nous vous invitons \u00e0 explorer nos prestations et \u00e0 nous contacter pour toute demande d\u2019information ou d\u2019assistance relative \u00e0 la normalisation. Ensemble, b\u00e2tissons un avenir fond\u00e9 sur la qualit\u00e9 et la s\u00e9curit\u00e9.<\/p>\t\t\t\t\t\t\t\t<\/div>\n\t\t\t\t<\/div>\n\t\t            <\/div>\n        <\/div>\n                    <\/div>\n        <\/section>\n                <section class=\"elementor-section elementor-top-section elementor-element elementor-element-2b5b5683 elementor-section-boxed elementor-section-height-default elementor-section-height-default ct-header-fixed-none ct-row-max-none\" data-id=\"2b5b5683\" data-element_type=\"section\">\n            \n                        <div class=\"elementor-container elementor-column-gap-extended\">\n                    <div class=\"elementor-column elementor-col-100 elementor-top-column elementor-element elementor-element-4106b489\" data-id=\"4106b489\" data-element_type=\"column\">\n        <div class=\"elementor-widget-wrap\">\n                    \n                    <\/div>\n        <\/div>\n                    <\/div>\n        <\/section>\n        \t\t<\/div>","protected":false},"excerpt":{"rendered":"<p>Prestations en Normalisation ______________ L\u2019Office National de la Normalisation et de la M\u00e9trologie de Mauritanie a pour mission fondamentale de garantir l\u2019acc\u00e8s \u00e0 des normes de qualit\u00e9 et de s\u00e9curit\u00e9 adapt\u00e9es \u00e0 notre environnement \u00e9conomique et social. \u00c0 cet \u00e9gard, nous sommes fiers de proposer un acc\u00e8s \u00e0 plus de 25 000 normes et r\u00e9f\u00e9rentiels [&hellip;]<\/p>","protected":false},"author":1,"featured_media":0,"parent":0,"menu_order":0,"comment_status":"closed","ping_status":"closed","template":"","meta":{"footnotes":""},"class_list":["post-407","page","type-page","status-publish","hentry"],"_links":{"self":[{"href":"https:\/\/onanor.mr\/ar\/wp-json\/wp\/v2\/pages\/407","targetHints":{"allow":["GET"]}}],"collection":[{"href":"https:\/\/onanor.mr\/ar\/wp-json\/wp\/v2\/pages"}],"about":[{"href":"https:\/\/onanor.mr\/ar\/wp-json\/wp\/v2\/types\/page"}],"author":[{"embeddable":true,"href":"https:\/\/onanor.mr\/ar\/wp-json\/wp\/v2\/users\/1"}],"replies":[{"embeddable":true,"href":"https:\/\/onanor.mr\/ar\/wp-json\/wp\/v2\/comments?post=407"}],"version-history":[{"count":6,"href":"https:\/\/onanor.mr\/ar\/wp-json\/wp\/v2\/pages\/407\/revisions"}],"predecessor-version":[{"id":5392,"href":"https:\/\/onanor.mr\/ar\/wp-json\/wp\/v2\/pages\/407\/revisions\/5392"}],"wp:attachment":[{"href":"https:\/\/onanor.mr\/ar\/wp-json\/wp\/v2\/media?parent=407"}],"curies":[{"name":"wp","href":"https:\/\/api.w.org\/{rel}","templated":true}]}}