{"id":367,"date":"2019-11-11T02:18:04","date_gmt":"2019-11-11T02:18:04","guid":{"rendered":"https:\/\/demo.casethemes.net\/consultio-corporate3\/?page_id=367"},"modified":"2025-10-13T17:57:53","modified_gmt":"2025-10-13T17:57:53","slug":"projets-de-normes-en-enquete-publique-nationale","status":"publish","type":"page","link":"https:\/\/onanor.mr\/ar\/projets-de-normes-en-enquete-publique-nationale\/","title":{"rendered":"Projets de Normes en Enqu\u00eate Publique Nationale"},"content":{"rendered":"<div data-elementor-type=\"wp-page\" data-elementor-id=\"367\" class=\"elementor elementor-367\" data-elementor-post-type=\"page\">\n\t\t\t\t        <section class=\"elementor-section elementor-top-section elementor-element elementor-element-d23e4f0 elementor-section-boxed elementor-section-height-default elementor-section-height-default ct-header-fixed-none ct-row-max-none\" data-id=\"d23e4f0\" data-element_type=\"section\">\n            \n                        <div class=\"elementor-container elementor-column-gap-extended\">\n                    <div class=\"elementor-column elementor-col-50 elementor-top-column elementor-element elementor-element-cb9323b\" data-id=\"cb9323b\" data-element_type=\"column\">\n        <div class=\"elementor-widget-wrap elementor-element-populated\">\n                    \n        \t\t<div class=\"elementor-element elementor-element-7f58838 elementor-widget elementor-widget-ct_heading\" data-id=\"7f58838\" data-element_type=\"widget\" data-widget_type=\"ct_heading.default\">\n\t\t\t\t<div class=\"elementor-widget-container\">\n\t\t\t\t\t<div id=\"ct_heading-7f58838\" class=\"ct-heading h-align- sub- ct-heading-left item-st-line-left1\">\r\n\t<div class=\"ct-item--inner\">\r\n        <div class=\"ct-inline-css\"  data-css=\"            \">\r\n        <\/div>\r\n                <h3 class=\"item--title st-line-left1 case-animate-time\" data-wow-delay=\"ms\">\r\n                        <span class=\"sp-main\">\r\n                                    <i><\/i>\r\n                \r\n                Projets de Normes en Enqu\u00eate Publique Nationale\r\n                \r\n                            <\/span>\r\n                    <\/h3>\r\n    <\/div>\r\n<\/div>\t\t\t\t<\/div>\n\t\t\t\t<\/div>\n\t\t            <\/div>\n        <\/div>\n                <div class=\"elementor-column elementor-col-50 elementor-top-column elementor-element elementor-element-daa1215\" data-id=\"daa1215\" data-element_type=\"column\">\n        <div class=\"elementor-widget-wrap\">\n                    \n                    <\/div>\n        <\/div>\n                    <\/div>\n        <\/section>\n                <section class=\"elementor-section elementor-top-section elementor-element elementor-element-ce23899 elementor-section-boxed elementor-section-height-default elementor-section-height-default ct-header-fixed-none ct-row-max-none\" data-id=\"ce23899\" data-element_type=\"section\">\n            \n                        <div class=\"elementor-container elementor-column-gap-extended\">\n                    <div class=\"elementor-column elementor-col-50 elementor-top-column elementor-element elementor-element-86b396a\" data-id=\"86b396a\" data-element_type=\"column\">\n        <div class=\"elementor-widget-wrap elementor-element-populated\">\n                    \n        \t\t<div class=\"elementor-element elementor-element-5a8e69d elementor-widget elementor-widget-text-editor\" data-id=\"5a8e69d\" data-element_type=\"widget\" data-widget_type=\"text-editor.default\">\n\t\t\t\t<div class=\"elementor-widget-container\">\n\t\t\t\t\t\t\t\t\t<table width=\"678\"><tbody><tr><td width=\"117\"><p><span style=\"color: #000000;\"><strong>R\u00e9f\u00e9rence<\/strong><\/span><\/p><\/td><td width=\"184\"><p><span style=\"color: #000000;\"><strong>\u00a0<\/strong><\/span><\/p><\/td><td width=\"111\"><p><span style=\"color: #000000;\"><strong>D\u00e9but Enqu\u00eate Publique Nationale<\/strong><\/span><\/p><\/td><td width=\"124\"><p><span style=\"color: #000000;\"><strong>Fin Enqu\u00eate Publique Nationale<\/strong><\/span><\/p><\/td><td width=\"143\"><p><span style=\"color: #000000;\"><strong>Actions<\/strong><\/span><\/p><\/td><\/tr><tr><td width=\"117\"><p><span style=\"color: #333333;\">PNMR-01.01 : 2025<\/span><\/p><\/td><td width=\"184\"><p><span style=\"color: #333333;\">les filets de poisson surgel\u00e9s<\/span><\/p><\/td><td width=\"111\"><p><span style=\"color: #333333;\">09\/10\/2025<\/span><\/p><\/td><td width=\"124\"><p><span style=\"color: #333333;\">09\/12\/2025<\/span><\/p><\/td><td width=\"143\"><p data-wp-editing=\"1\"><span style=\"color: #333333;\"><a style=\"color: #333333;\" href=\"https:\/\/onanor.mr\/wp-content\/uploads\/2025\/10\/NMR-01012015.pdf\" target=\"_blank\" rel=\"noopener\"><img decoding=\"async\" class=\"alignnone wp-image-5459 size-full\" src=\"https:\/\/onanor.mr\/wp-content\/uploads\/2025\/10\/download-round-icon-e1760376732425.webp\" alt=\"\" width=\"39\" height=\"39\" \/><\/a>\u00a0 <a style=\"color: #333333;\" href=\"mailto:contact@onanor.mr\" target=\"_blank\" rel=\"noopener\"><img decoding=\"async\" class=\"alignnone wp-image-5458 size-full\" src=\"https:\/\/onanor.mr\/wp-content\/uploads\/2025\/10\/comment-133-e1760376605564.png\" alt=\"\" width=\"39\" height=\"39\" \/><\/a><\/span><\/p><\/td><\/tr><tr><td width=\"117\"><p><span style=\"color: #333333;\">PNMR 01.02 : 2025 \u00a0 \u00a0 \u00a0 \u00a0 \u00a0 \u00a0 \u00a0 \u00a0<\/span><\/p><\/td><td width=\"184\"><p><span style=\"color: #333333;\">le poisson \u00e9visc\u00e9r\u00e9 et non \u00e9visc\u00e9r\u00e9 surgel\u00e9\u00a0\u00a0\u00a0\u00a0\u00a0\u00a0\u00a0\u00a0\u00a0\u00a0\u00a0\u00a0\u00a0\u00a0\u00a0\u00a0\u00a0\u00a0\u00a0\u00a0\u00a0\u00a0\u00a0\u00a0\u00a0\u00a0\u00a0\u00a0\u00a0\u00a0\u00a0\u00a0\u00a0\u00a0\u00a0\u00a0\u00a0\u00a0\u00a0\u00a0 \u00a0\u00a0\u00a0\u00a0\u00a0\u00a0\u00a0<\/span><\/p><\/td><td width=\"111\"><p><span style=\"color: #333333;\">09\/10\/2025<\/span><\/p><\/td><td width=\"124\"><p><span style=\"color: #333333;\">09\/12\/2025<\/span><\/p><\/td><td width=\"143\"><p><span style=\"color: #333333;\"><a style=\"color: #333333;\" href=\"https:\/\/onanor.mr\/wp-content\/uploads\/2025\/10\/NMR-01.02.-2025.pdf\" target=\"_blank\" rel=\"noopener\"><img decoding=\"async\" class=\"alignnone wp-image-5459 size-full\" src=\"https:\/\/onanor.mr\/wp-content\/uploads\/2025\/10\/download-round-icon-e1760376732425.webp\" alt=\"\" width=\"39\" height=\"39\" \/><\/a>\u00a0 <a style=\"color: #333333;\" href=\"mailto:contact@onanor.mr\" target=\"_blank\" rel=\"noopener\"><img decoding=\"async\" class=\"alignnone wp-image-5458 size-full\" src=\"https:\/\/onanor.mr\/wp-content\/uploads\/2025\/10\/comment-133-e1760376605564.png\" alt=\"\" width=\"39\" height=\"39\" \/><\/a><\/span><\/p><\/td><\/tr><tr><td width=\"117\"><p><span style=\"color: #333333;\">PNMR 01.03 : 2025\u00a0\u00a0\u00a0\u00a0\u00a0\u00a0\u00a0\u00a0\u00a0\u00a0\u00a0\u00a0\u00a0\u00a0\u00a0<\/span><\/p><\/td><td width=\"184\"><p><span style=\"color: #333333;\">le poisson fum\u00e9, le poisson aromatis\u00e9 \u00e0 la fum\u00e9e et le poisson fum\u00e9-s\u00e9ch\u00e9<\/span><\/p><\/td><td width=\"111\"><p><span style=\"color: #333333;\">09\/10\/2025<\/span><\/p><\/td><td width=\"124\"><p><span style=\"color: #333333;\">09\/12\/2025<\/span><\/p><\/td><td width=\"143\"><p><span style=\"color: #333333;\"><a style=\"color: #333333;\" href=\"https:\/\/onanor.mr\/wp-content\/uploads\/2025\/10\/NMR-01.03.2025.pdf\" target=\"_blank\" rel=\"noopener\"><img decoding=\"async\" class=\"alignnone wp-image-5459 size-full\" src=\"https:\/\/onanor.mr\/wp-content\/uploads\/2025\/10\/download-round-icon-e1760376732425.webp\" alt=\"\" width=\"39\" height=\"39\" \/><\/a>\u00a0 <a style=\"color: #333333;\" href=\"mailto:contact@onanor.mr\" target=\"_blank\" rel=\"noopener\"><img decoding=\"async\" class=\"alignnone wp-image-5458 size-full\" src=\"https:\/\/onanor.mr\/wp-content\/uploads\/2025\/10\/comment-133-e1760376605564.png\" alt=\"\" width=\"39\" height=\"39\" \/><\/a><\/span><\/p><\/td><\/tr><tr><td width=\"117\"><p><span style=\"color: #333333;\">PNMR 01.04 : 2025\u00a0\u00a0\u00a0\u00a0\u00a0\u00a0\u00a0\u00a0\u00a0\u00a0\u00a0\u00a0\u00a0\u00a0\u00a0<\/span><\/p><\/td><td width=\"184\"><p><span style=\"color: #333333;\">le poisson sal\u00e9 et le poisson sale s\u00e9ch\u00e9 de la famille des Gadid\u00e9s<em>\u00a0\u00a0\u00a0\u00a0\u00a0\u00a0\u00a0\u00a0 <\/em><\/span><\/p><\/td><td width=\"111\"><p><span style=\"color: #333333;\">09\/10\/2025<\/span><\/p><\/td><td width=\"124\"><p><span style=\"color: #333333;\">09\/12\/2025<\/span><\/p><\/td><td width=\"143\"><p><span style=\"color: #333333;\"><a style=\"color: #333333;\" href=\"https:\/\/onanor.mr\/wp-content\/uploads\/2025\/10\/NMR-01042025.pdf\" target=\"_blank\" rel=\"noopener\"><img decoding=\"async\" class=\"alignnone wp-image-5459 size-full\" src=\"https:\/\/onanor.mr\/wp-content\/uploads\/2025\/10\/download-round-icon-e1760376732425.webp\" alt=\"\" width=\"39\" height=\"39\" \/><\/a>\u00a0 <a style=\"color: #333333;\" href=\"mailto:contact@onanor.mr\" target=\"_blank\" rel=\"noopener\"><img decoding=\"async\" class=\"alignnone wp-image-5458 size-full\" src=\"https:\/\/onanor.mr\/wp-content\/uploads\/2025\/10\/comment-133-e1760376605564.png\" alt=\"\" width=\"39\" height=\"39\" \/><\/a><\/span><\/p><\/td><\/tr><\/tbody><\/table>\t\t\t\t\t\t\t\t<\/div>\n\t\t\t\t<\/div>\n\t\t            <\/div>\n        <\/div>\n                <div class=\"elementor-column elementor-col-50 elementor-top-column elementor-element elementor-element-4c8aaa1\" data-id=\"4c8aaa1\" data-element_type=\"column\">\n        <div class=\"elementor-widget-wrap\">\n                    \n                    <\/div>\n        <\/div>\n                    <\/div>\n        <\/section>\n                <section class=\"elementor-section elementor-top-section elementor-element elementor-element-01c0a8c elementor-section-boxed elementor-section-height-default elementor-section-height-default ct-header-fixed-none ct-row-max-none\" data-id=\"01c0a8c\" data-element_type=\"section\">\n            \n                        <div class=\"elementor-container elementor-column-gap-default\">\n                    <div class=\"elementor-column elementor-col-100 elementor-top-column elementor-element elementor-element-1695462\" data-id=\"1695462\" data-element_type=\"column\">\n        <div class=\"elementor-widget-wrap\">\n                    \n                    <\/div>\n        <\/div>\n                    <\/div>\n        <\/section>\n        \t\t<\/div>","protected":false},"excerpt":{"rendered":"<p>Projets de Normes en Enqu\u00eate Publique Nationale R\u00e9f\u00e9rence \u00a0 D\u00e9but Enqu\u00eate Publique Nationale Fin Enqu\u00eate Publique Nationale Actions PNMR-01.01 : 2025 les filets de poisson surgel\u00e9s 09\/10\/2025 09\/12\/2025 \u00a0 PNMR 01.02 : 2025 \u00a0 \u00a0 \u00a0 \u00a0 \u00a0 \u00a0 \u00a0 \u00a0 le poisson \u00e9visc\u00e9r\u00e9 et non \u00e9visc\u00e9r\u00e9 surgel\u00e9\u00a0\u00a0\u00a0\u00a0\u00a0\u00a0\u00a0\u00a0\u00a0\u00a0\u00a0\u00a0\u00a0\u00a0\u00a0\u00a0\u00a0\u00a0\u00a0\u00a0\u00a0\u00a0\u00a0\u00a0\u00a0\u00a0\u00a0\u00a0\u00a0\u00a0\u00a0\u00a0\u00a0\u00a0\u00a0\u00a0\u00a0\u00a0\u00a0\u00a0 \u00a0\u00a0\u00a0\u00a0\u00a0\u00a0\u00a0 09\/10\/2025 09\/12\/2025 \u00a0 PNMR 01.03 : [&hellip;]<\/p>","protected":false},"author":1,"featured_media":0,"parent":0,"menu_order":0,"comment_status":"closed","ping_status":"closed","template":"elementor_theme","meta":{"footnotes":""},"class_list":["post-367","page","type-page","status-publish","hentry"],"_links":{"self":[{"href":"https:\/\/onanor.mr\/ar\/wp-json\/wp\/v2\/pages\/367","targetHints":{"allow":["GET"]}}],"collection":[{"href":"https:\/\/onanor.mr\/ar\/wp-json\/wp\/v2\/pages"}],"about":[{"href":"https:\/\/onanor.mr\/ar\/wp-json\/wp\/v2\/types\/page"}],"author":[{"embeddable":true,"href":"https:\/\/onanor.mr\/ar\/wp-json\/wp\/v2\/users\/1"}],"replies":[{"embeddable":true,"href":"https:\/\/onanor.mr\/ar\/wp-json\/wp\/v2\/comments?post=367"}],"version-history":[{"count":26,"href":"https:\/\/onanor.mr\/ar\/wp-json\/wp\/v2\/pages\/367\/revisions"}],"predecessor-version":[{"id":5492,"href":"https:\/\/onanor.mr\/ar\/wp-json\/wp\/v2\/pages\/367\/revisions\/5492"}],"wp:attachment":[{"href":"https:\/\/onanor.mr\/ar\/wp-json\/wp\/v2\/media?parent=367"}],"curies":[{"name":"wp","href":"https:\/\/api.w.org\/{rel}","templated":true}]}}