{"id":3520,"date":"2020-02-07T02:21:23","date_gmt":"2020-02-07T02:21:23","guid":{"rendered":"https:\/\/demo.casethemes.net\/consultio-corporate3\/?page_id=3520"},"modified":"2025-10-13T19:32:50","modified_gmt":"2025-10-13T19:32:50","slug":"mot-du-directeur-general","status":"publish","type":"page","link":"https:\/\/onanor.mr\/ar\/mot-du-directeur-general\/","title":{"rendered":"Mot de la Direction G\u00e9n\u00e9rale"},"content":{"rendered":"<div data-elementor-type=\"wp-page\" data-elementor-id=\"3520\" class=\"elementor elementor-3520\" data-elementor-post-type=\"page\">\n\t\t\t\t        <section class=\"elementor-section elementor-top-section elementor-element elementor-element-8c17192 elementor-section-stretched elementor-section-boxed elementor-section-height-default elementor-section-height-default ct-header-fixed-none ct-row-max-none\" data-id=\"8c17192\" data-element_type=\"section\" data-settings=\"{&quot;stretch_section&quot;:&quot;section-stretched&quot;,&quot;background_background&quot;:&quot;classic&quot;}\">\n            \n                        <div class=\"elementor-container elementor-column-gap-extended\">\n                    <div class=\"elementor-column elementor-col-100 elementor-top-column elementor-element elementor-element-a445675\" data-id=\"a445675\" data-element_type=\"column\">\n        <div class=\"elementor-widget-wrap elementor-element-populated\">\n                    \n                <section class=\"elementor-section elementor-inner-section elementor-element elementor-element-94d2f1d elementor-section-content-middle elementor-section-boxed elementor-section-height-default elementor-section-height-default ct-header-fixed-none ct-row-max-none\" data-id=\"94d2f1d\" data-element_type=\"section\">\n            \n                        <div class=\"elementor-container elementor-column-gap-extended\">\n                    <div class=\"elementor-column elementor-col-50 elementor-inner-column elementor-element elementor-element-6cb3f0d\" data-id=\"6cb3f0d\" data-element_type=\"column\">\n        <div class=\"elementor-widget-wrap elementor-element-populated\">\n                    \n        \t\t<div class=\"elementor-element elementor-element-5e7c953 elementor-widget elementor-widget-ct_heading\" data-id=\"5e7c953\" data-element_type=\"widget\" data-widget_type=\"ct_heading.default\">\n\t\t\t\t<div class=\"elementor-widget-container\">\n\t\t\t\t\t<div id=\"ct_heading-5e7c953\" class=\"ct-heading h-align- sub- ct-heading-left item-st-line-left1\">\r\n\t<div class=\"ct-item--inner\">\r\n        <div class=\"ct-inline-css\"  data-css=\"            \">\r\n        <\/div>\r\n                <h3 class=\"item--title st-line-left1 case-animate-time\" data-wow-delay=\"ms\">\r\n                        <span class=\"sp-main\">\r\n                                    <i><\/i>\r\n                \r\n                Mot de la Direction G\u00e9n\u00e9rale\r\n                \r\n                            <\/span>\r\n                    <\/h3>\r\n    <\/div>\r\n<\/div>\t\t\t\t<\/div>\n\t\t\t\t<\/div>\n\t\t            <\/div>\n        <\/div>\n                <div class=\"elementor-column elementor-col-50 elementor-inner-column elementor-element elementor-element-cfdc757\" data-id=\"cfdc757\" data-element_type=\"column\">\n        <div class=\"elementor-widget-wrap\">\n                    \n                    <\/div>\n        <\/div>\n                    <\/div>\n        <\/section>\n        \t\t<div class=\"elementor-element elementor-element-eb6fe26 elementor-widget elementor-widget-text-editor\" data-id=\"eb6fe26\" data-element_type=\"widget\" data-widget_type=\"text-editor.default\">\n\t\t\t\t<div class=\"elementor-widget-container\">\n\t\t\t\t\t\t\t\t\t<p><img fetchpriority=\"high\" decoding=\"async\" class=\"size-medium wp-image-5548 alignright\" src=\"https:\/\/onanor.mr\/wp-content\/uploads\/2025\/10\/Screenshot-2025-10-13-at-3.31.48-PM-271x300.png\" alt=\"\" width=\"271\" height=\"300\" srcset=\"https:\/\/onanor.mr\/wp-content\/uploads\/2025\/10\/Screenshot-2025-10-13-at-3.31.48-PM-271x300.png 271w, https:\/\/onanor.mr\/wp-content\/uploads\/2025\/10\/Screenshot-2025-10-13-at-3.31.48-PM-768x850.png 768w, https:\/\/onanor.mr\/wp-content\/uploads\/2025\/10\/Screenshot-2025-10-13-at-3.31.48-PM-600x664.png 600w, https:\/\/onanor.mr\/wp-content\/uploads\/2025\/10\/Screenshot-2025-10-13-at-3.31.48-PM.png 824w\" sizes=\"(max-width: 271px) 100vw, 271px\" \/>L\u2019Office national de Normalisation et de M\u00e9trologie est un \u00e9tablissement \u00e0 caract\u00e8re industriel et commercial dont le si\u00e8ge est \u00e0 Nouakchott, sous tutelle du minist\u00e8re des Mines et de l\u2019Industrie. Cet office est n\u00e9 de la volont\u00e9 et de l\u2019engagement de son Excellence, Monsieur Mohamed Ould Cheikh Ghazouani pr\u00e9sident de la R\u00e9publique, de faire de la Mauritanie une r\u00e9f\u00e9rence qualit\u00e9 dans la r\u00e9gion \u00e0 travers son programme \u00ab Mes ambitions pour la Patrie \u00bb.<\/p><p>Notre institution a pour mission de promouvoir et de mettre en \u0153uvre des normes de qualit\u00e9, de s\u00e9curit\u00e9 et de garantir les mesures dans divers secteurs, afin de soutenir le d\u00e9veloppement \u00e9conomique et social du pays. La normalisation, la certification et la m\u00e9trologie sont des outils essentiels qui contribuent \u00e0 garantir la conformit\u00e9 des produits et services, \u00e0 prot\u00e9ger les consommateurs et \u00e0 renforcer la comp\u00e9titivit\u00e9 des entreprises.<\/p><p>Nous nous engageons \u00e0 collaborer \u00e9troitement avec les acteurs publics et priv\u00e9s, ainsi qu\u2019avec les partenaires internationaux, pour d\u00e9velopper des infrastructures qualit\u00e9 adapt\u00e9es aux besoins de notre \u00e9conomie. \u00c0 travers nos actions et initiatives, nous visons \u00e0 instaurer une culture de qualit\u00e9 durable, favorisant l\u2019innovation et l\u2019am\u00e9lioration continue.<\/p><p>Ce site a \u00e9t\u00e9 con\u00e7u pour vous fournir des informations sur nos activit\u00e9s, nos projets et les services que nous offrons. Nous esp\u00e9rons qu&#8217;il vous sera utile et qu&#8217;il vous permettra de mieux comprendre le r\u00f4le de l\u2019Office dans la promotion de la qualit\u00e9 en Mauritanie.<\/p><p><em><strong>Le Directeur G\u00e9n\u00e9ral<\/strong><\/em><\/p><p><em><strong>Lassana Adama KAMARA<\/strong><\/em><\/p>\t\t\t\t\t\t\t\t<\/div>\n\t\t\t\t<\/div>\n\t\t            <\/div>\n        <\/div>\n                    <\/div>\n        <\/section>\n        \t\t<\/div>","protected":false},"excerpt":{"rendered":"<p>Mot de la Direction G\u00e9n\u00e9rale L\u2019Office national de Normalisation et de M\u00e9trologie est un \u00e9tablissement \u00e0 caract\u00e8re industriel et commercial dont le si\u00e8ge est \u00e0 Nouakchott, sous tutelle du minist\u00e8re des Mines et de l\u2019Industrie. Cet office est n\u00e9 de la volont\u00e9 et de l\u2019engagement de son Excellence, Monsieur Mohamed Ould Cheikh Ghazouani pr\u00e9sident de [&hellip;]<\/p>","protected":false},"author":1,"featured_media":0,"parent":0,"menu_order":0,"comment_status":"closed","ping_status":"closed","template":"","meta":{"footnotes":""},"class_list":["post-3520","page","type-page","status-publish","hentry"],"_links":{"self":[{"href":"https:\/\/onanor.mr\/ar\/wp-json\/wp\/v2\/pages\/3520","targetHints":{"allow":["GET"]}}],"collection":[{"href":"https:\/\/onanor.mr\/ar\/wp-json\/wp\/v2\/pages"}],"about":[{"href":"https:\/\/onanor.mr\/ar\/wp-json\/wp\/v2\/types\/page"}],"author":[{"embeddable":true,"href":"https:\/\/onanor.mr\/ar\/wp-json\/wp\/v2\/users\/1"}],"replies":[{"embeddable":true,"href":"https:\/\/onanor.mr\/ar\/wp-json\/wp\/v2\/comments?post=3520"}],"version-history":[{"count":14,"href":"https:\/\/onanor.mr\/ar\/wp-json\/wp\/v2\/pages\/3520\/revisions"}],"predecessor-version":[{"id":5551,"href":"https:\/\/onanor.mr\/ar\/wp-json\/wp\/v2\/pages\/3520\/revisions\/5551"}],"wp:attachment":[{"href":"https:\/\/onanor.mr\/ar\/wp-json\/wp\/v2\/media?parent=3520"}],"curies":[{"name":"wp","href":"https:\/\/api.w.org\/{rel}","templated":true}]}}