{"id":3495,"date":"2020-02-07T02:16:59","date_gmt":"2020-02-07T02:16:59","guid":{"rendered":"https:\/\/demo.casethemes.net\/consultio-corporate3\/?page_id=3495"},"modified":"2025-11-23T00:01:19","modified_gmt":"2025-11-23T00:01:19","slug":"lnm","status":"publish","type":"page","link":"https:\/\/onanor.mr\/ar\/lnm\/","title":{"rendered":"Le laboratoire national de m\u00e9trologie"},"content":{"rendered":"<div data-elementor-type=\"wp-page\" data-elementor-id=\"3495\" class=\"elementor elementor-3495\" data-elementor-post-type=\"page\">\n\t\t\t\t        <section class=\"elementor-section elementor-top-section elementor-element elementor-element-de5dcd5 elementor-section-stretched elementor-section-boxed elementor-section-height-default elementor-section-height-default ct-header-fixed-none ct-row-max-none\" data-id=\"de5dcd5\" data-element_type=\"section\" data-settings=\"{&quot;stretch_section&quot;:&quot;section-stretched&quot;,&quot;background_background&quot;:&quot;classic&quot;}\">\n            \n                        <div class=\"elementor-container elementor-column-gap-extended\">\n                    <div class=\"elementor-column elementor-col-33 elementor-top-column elementor-element elementor-element-38d98e3\" data-id=\"38d98e3\" data-element_type=\"column\">\n        <div class=\"elementor-widget-wrap\">\n                    \n                    <\/div>\n        <\/div>\n                <div class=\"elementor-column elementor-col-33 elementor-top-column elementor-element elementor-element-2c21843\" data-id=\"2c21843\" data-element_type=\"column\">\n        <div class=\"elementor-widget-wrap elementor-element-populated\">\n                    \n        \t\t<div class=\"elementor-element elementor-element-a9d6069 elementor-widget elementor-widget-ct_fancy_box\" data-id=\"a9d6069\" data-element_type=\"widget\" data-widget_type=\"ct_fancy_box.default\">\n\t\t\t\t<div class=\"elementor-widget-container\">\n\t\t\t\t\t<div class=\"ct-fancy-box ct-fancy-box-layout6 wow fadeInUp style-1\" data-wow-delay=\"ms\">\r\n                <div class=\"item--icon\">\r\n            <img fetchpriority=\"high\" decoding=\"async\" width=\"330\" height=\"504\" src=\"https:\/\/onanor.mr\/wp-content\/uploads\/2025\/10\/Screenshot-2025-10-13-at-2.11.27-PM.png\" class=\"attachment-full\" alt=\"\" \/>        <\/div>\r\n        <div class=\"item--holder\">\r\n        <h3 class=\"item--title\">\r\n            Laboratoire National de M\u00e9trologie        <\/h3>\r\n        <div class=\"item--description\">Le LNM est le laboratoire National de M\u00e9trologie Mauritanien qui d\u00e9pend de l\u2019Office National de la Normalisation et de la M\u00e9trologie (ONANOR), il a \u00e9t\u00e9 cr\u00e9\u00e9 par la loi N\u00b0 2010\/003 du 14 janvier 2010 et d\u00e9cret 2023\/080 du 09 Mai 2023. Il a pour r\u00f4le principal de d\u00e9tenir et d\u00e9velopper les \u00e9talons nationaux, d\u2019assurer la tra\u00e7abilit\u00e9 m\u00e9trologique en Mauritanie et d\u2019assurer les \u00e9talonnages demand\u00e9s par l\u2019industrie mauritanienne. Il s\u2019organise autour de deux services : la m\u00e9trologie industrielle et la m\u00e9trologie l\u00e9gale.<\/div>\r\n    <\/div>\r\n            <a class=\"item--link\" href=\"http:\/\/onanor.mr\/ar\/service\/business-consulting\/\"><\/a>\r\n    <\/div>\t\t\t\t<\/div>\n\t\t\t\t<\/div>\n\t\t            <\/div>\n        <\/div>\n                <div class=\"elementor-column elementor-col-33 elementor-top-column elementor-element elementor-element-80ee074\" data-id=\"80ee074\" data-element_type=\"column\">\n        <div class=\"elementor-widget-wrap\">\n                    \n                    <\/div>\n        <\/div>\n                    <\/div>\n        <\/section>\n                <section class=\"elementor-section elementor-top-section elementor-element elementor-element-bca8448 elementor-section-stretched elementor-section-boxed elementor-section-height-default elementor-section-height-default ct-header-fixed-none ct-row-max-none\" data-id=\"bca8448\" data-element_type=\"section\" data-settings=\"{&quot;stretch_section&quot;:&quot;section-stretched&quot;}\">\n            \n                        <div class=\"elementor-container elementor-column-gap-extended\">\n                    <div class=\"elementor-column elementor-col-100 elementor-top-column elementor-element elementor-element-8630a61\" data-id=\"8630a61\" data-element_type=\"column\">\n        <div class=\"elementor-widget-wrap elementor-element-populated\">\n                    \n        \t\t<div class=\"elementor-element elementor-element-90dfd1b elementor-headline--style-highlight elementor-widget elementor-widget-animated-headline\" data-id=\"90dfd1b\" data-element_type=\"widget\" data-settings=\"{&quot;highlighted_text&quot;:&quot;Mission :&quot;,&quot;headline_style&quot;:&quot;highlight&quot;,&quot;marker&quot;:&quot;circle&quot;,&quot;loop&quot;:&quot;yes&quot;,&quot;highlight_animation_duration&quot;:1200,&quot;highlight_iteration_delay&quot;:8000}\" data-widget_type=\"animated-headline.default\">\n\t\t\t\t<div class=\"elementor-widget-container\">\n\t\t\t\t\t\t\t<h3 class=\"elementor-headline\">\n\t\t\t\t\t<span class=\"elementor-headline-plain-text elementor-headline-text-wrapper\">Notre<\/span>\n\t\t\t\t<span class=\"elementor-headline-dynamic-wrapper elementor-headline-text-wrapper\">\n\t\t\t\t\t<span class=\"elementor-headline-dynamic-text elementor-headline-text-active\">Mission :<\/span>\n\t\t\t\t<\/span>\n\t\t\t\t<\/h3>\n\t\t\t\t\t\t<\/div>\n\t\t\t\t<\/div>\n\t\t\t\t<div class=\"elementor-element elementor-element-12e6001 elementor-widget elementor-widget-ct_particle_animate\" data-id=\"12e6001\" data-element_type=\"widget\" data-widget_type=\"ct_particle_animate.default\">\n\t\t\t\t<div class=\"elementor-widget-container\">\n\t\t\t\t\t\t<div class=\"ct-particle-animate el-move-parents hide-md\">\r\n\t\t\t\t    <div id=\"ct_particle_animate-12e60010\" class=\"animate-none  ct-type-img\"  data-wow-delay=\"ms\" >\r\n\t\t    \t<div class=\"ct-inline-css\"  data-css=\"\t\t            .ct-particle-animate #ct_particle_animate-12e60010 {\t\t                left: 13px;\t\t                top: 34px;\t\t            }\">\r\n\t\t        <\/div>\r\n\t\t    \t<img decoding=\"async\" width=\"165\" height=\"278\" src=\"https:\/\/onanor.mr\/wp-content\/uploads\/2020\/02\/about4-shape1.png\" class=\"attachment-full\" alt=\"\" \/>\t\t\r\n\t\t    <\/div>\r\n\t\t\t<\/div>\r\n\t\t\t\t<\/div>\n\t\t\t\t<\/div>\n\t\t\t\t<div class=\"elementor-element elementor-element-444139a elementor-widget__width-initial elementor-widget elementor-widget-ct_list\" data-id=\"444139a\" data-element_type=\"widget\" data-widget_type=\"ct_list.default\">\n\t\t\t\t<div class=\"elementor-widget-container\">\n\t\t\t\t\t    <div class=\"ct-list style1\">\r\n                    <div class=\"ct-list-item wow fadeIn\" data-wow-delay=\"ms\">\r\n            \t<div class=\"ct-list-icon\"><i class=\"fac fac-check-circle\"><\/i><\/div>\r\n            \t<div class=\"ct-list-meta\">\r\n\t            \t<div class=\"ct-list-desc\">\r\n\t            \t\t1. Garantir la tra\u00e7abilit\u00e9 des mesures aux unit\u00e9s du Syst\u00e8me international (SI) : en d\u00e9veloppant, maintenant et am\u00e9liorant les \u00e9talons nationaux et en assurant la comparaison de ces \u00e9talons avec ceux d\u2019autres pays.\t            \t<\/div>\r\n                    \t            <\/div>\r\n           <\/div>\r\n                    <div class=\"ct-list-item wow fadeIn\" data-wow-delay=\"ms\">\r\n            \t<div class=\"ct-list-icon\"><i class=\"fac fac-check-circle\"><\/i><\/div>\r\n            \t<div class=\"ct-list-meta\">\r\n\t            \t<div class=\"ct-list-desc\">\r\n\t            \t\t2. Assurer la coh\u00e9rence des mesures au niveau national : en diffusant les unit\u00e9s du SI aux laboratoires, industriels, centres de recherche et organismes de contr\u00f4le.\t            \t<\/div>\r\n                    \t            <\/div>\r\n           <\/div>\r\n                    <div class=\"ct-list-item wow fadeIn\" data-wow-delay=\"ms\">\r\n            \t<div class=\"ct-list-icon\"><i class=\"fac fac-check-circle\"><\/i><\/div>\r\n            \t<div class=\"ct-list-meta\">\r\n\t            \t<div class=\"ct-list-desc\">\r\n\t            \t\t3. Participer \u00e0 la recherche m\u00e9trologique : en d\u00e9veloppant de nouvelles m\u00e9thodes de mesure et en contribuant \u00e0 l\u2019\u00e9volution du Syst\u00e8me international d\u2019unit\u00e9s.\t            \t<\/div>\r\n                    \t            <\/div>\r\n           <\/div>\r\n                    <div class=\"ct-list-item wow fadeIn\" data-wow-delay=\"ms\">\r\n            \t<div class=\"ct-list-icon\"><i class=\"fac fac-check-circle\"><\/i><\/div>\r\n            \t<div class=\"ct-list-meta\">\r\n\t            \t<div class=\"ct-list-desc\">\r\n\t            \t\t4. Repr\u00e9senter le pays dans les instances internationales de la m\u00e9trologie : notamment aupr\u00e8s du Bureau international des poids et mesures (BIPM).\t            \t<\/div>\r\n                    \t            <\/div>\r\n           <\/div>\r\n                    <div class=\"ct-list-item wow fadeIn\" data-wow-delay=\"ms\">\r\n            \t<div class=\"ct-list-icon\"><i class=\"fac fac-check-circle\"><\/i><\/div>\r\n            \t<div class=\"ct-list-meta\">\r\n\t            \t<div class=\"ct-list-desc\">\r\n\t            \t\t5. Soutenir l\u2019innovation, l\u2019industrie et la qualit\u00e9 : en garantissant des mesures fiables et pr\u00e9cises dans des domaines strat\u00e9giques : sant\u00e9, environnement, \u00e9nergie, s\u00e9curit\u00e9, sant\u00e9, Commerce.\t            \t<\/div>\r\n                    \t            <\/div>\r\n           <\/div>\r\n            <\/div>\r\n\t\t\t\t<\/div>\n\t\t\t\t<\/div>\n\t\t\t\t<div class=\"elementor-element elementor-element-5777274 elementor-headline--style-highlight elementor-widget elementor-widget-animated-headline\" data-id=\"5777274\" data-element_type=\"widget\" data-settings=\"{&quot;marker&quot;:&quot;double_underline&quot;,&quot;highlighted_text&quot;:&quot;nous contacter.&quot;,&quot;headline_style&quot;:&quot;highlight&quot;,&quot;loop&quot;:&quot;yes&quot;,&quot;highlight_animation_duration&quot;:1200,&quot;highlight_iteration_delay&quot;:8000}\" data-widget_type=\"animated-headline.default\">\n\t\t\t\t<div class=\"elementor-widget-container\">\n\t\t\t\t\t\t\t\t<a href=\"https:\/\/onanor.mr\/ar\/contact-v-2\/\">\n\n\t\t\t\t\t<h3 class=\"elementor-headline\">\n\t\t\t\t\t<span class=\"elementor-headline-plain-text elementor-headline-text-wrapper\">Pour toute information compl\u00e9mentaire ou demande de service, n\u2019h\u00e9sitez pas \u00e0 <\/span>\n\t\t\t\t<span class=\"elementor-headline-dynamic-wrapper elementor-headline-text-wrapper\">\n\t\t\t\t\t<span class=\"elementor-headline-dynamic-text elementor-headline-text-active\">nous contacter.<\/span>\n\t\t\t\t<\/span>\n\t\t\t\t<\/h3>\n\t\t<\/a>\t\t\t\t<\/div>\n\t\t\t\t<\/div>\n\t\t            <\/div>\n        <\/div>\n                    <\/div>\n        <\/section>\n                <section class=\"elementor-section elementor-top-section elementor-element elementor-element-e908f5a elementor-section-stretched elementor-section-boxed elementor-section-height-default elementor-section-height-default ct-header-fixed-none ct-row-max-none\" data-id=\"e908f5a\" data-element_type=\"section\" data-settings=\"{&quot;stretch_section&quot;:&quot;section-stretched&quot;}\">\n            \n                        <div class=\"elementor-container elementor-column-gap-extended\">\n                    <div class=\"elementor-column elementor-col-100 elementor-top-column elementor-element elementor-element-858293e\" data-id=\"858293e\" data-element_type=\"column\">\n        <div class=\"elementor-widget-wrap elementor-element-populated\">\n                    \n        <div class=\"elementor-element elementor-element-52b71f4 e-grid e-con-boxed e-con e-parent\" data-id=\"52b71f4\" data-element_type=\"container\">\n\t\t\t\t\t<div class=\"e-con-inner\">\n\t\t\t\t<div class=\"elementor-element elementor-element-c5f73cc elementor-align-center elementor-widget elementor-widget-ct_button\" data-id=\"c5f73cc\" data-element_type=\"widget\" data-widget_type=\"ct_button.default\">\n\t\t\t\t<div class=\"elementor-widget-container\">\n\t\t\t\t\t<div id=\"ct_button-c5f73cc\" class=\"ct-button-wrapper ct-button-layout1 icon- btn--inline\">\r\n    <div class=\"ct-inline-css\"  data-css=\"        \">\r\n    <\/div>\r\n            <span class=\"ct-icon-active\"><\/span>\r\n        <a href=\"https:\/\/onanor.mr\/wp-content\/uploads\/2025\/11\/Catalogues-des-prestations-techniques.docx\" target=\"_blank\" class=\"btn btn-default icon-active btn-inline-block\" data-wow-delay=\"ms\">\r\n                            <span class=\"ct-button-icon ct-align-icon-\">\r\n                            <\/span>\r\n                <span class=\"ct-button-text\">Catalogues des prestations techniques<\/span>\r\n    <\/a>\r\n<\/div>\t\t\t\t<\/div>\n\t\t\t\t<\/div>\n\t\t\t\t<div class=\"elementor-element elementor-element-4f58e7b elementor-align-center elementor-widget elementor-widget-ct_button\" data-id=\"4f58e7b\" data-element_type=\"widget\" data-widget_type=\"ct_button.default\">\n\t\t\t\t<div class=\"elementor-widget-container\">\n\t\t\t\t\t<div id=\"ct_button-4f58e7b\" class=\"ct-button-wrapper ct-button-layout1 icon- btn--inline\">\r\n    <div class=\"ct-inline-css\"  data-css=\"        \">\r\n    <\/div>\r\n            <span class=\"ct-icon-active\"><\/span>\r\n        <a href=\"https:\/\/onanor.mr\/wp-content\/uploads\/2025\/11\/Condition-generales-dexecution-des-prestations.docx\" target=\"_blank\" class=\"btn btn-default icon-active btn-inline-block\" data-wow-delay=\"ms\">\r\n                            <span class=\"ct-button-icon ct-align-icon-\">\r\n                            <\/span>\r\n                <span class=\"ct-button-text\">Condition ge\u0301ne\u0301rales d&#039;execution des prestations<\/span>\r\n    <\/a>\r\n<\/div>\t\t\t\t<\/div>\n\t\t\t\t<\/div>\n\t\t\t\t<div class=\"elementor-element elementor-element-cbc3f88 elementor-align-center elementor-widget elementor-widget-ct_button\" data-id=\"cbc3f88\" data-element_type=\"widget\" data-widget_type=\"ct_button.default\">\n\t\t\t\t<div class=\"elementor-widget-container\">\n\t\t\t\t\t<div id=\"ct_button-cbc3f88\" class=\"ct-button-wrapper ct-button-layout1 icon- btn--inline\">\r\n    <div class=\"ct-inline-css\"  data-css=\"        \">\r\n    <\/div>\r\n            <span class=\"ct-icon-active\"><\/span>\r\n        <a href=\"https:\/\/onanor.mr\/wp-content\/uploads\/2025\/11\/Formulaire-de-demande-detalonnage-et-ou-caracterisation.docx\" target=\"_blank\" class=\"btn btn-default icon-active btn-inline-block\" data-wow-delay=\"ms\">\r\n                            <span class=\"ct-button-icon ct-align-icon-\">\r\n                            <\/span>\r\n                <span class=\"ct-button-text\">Formulaire de demande d&#039;e\u0301talonnage et-ou caracte\u0301risation<\/span>\r\n    <\/a>\r\n<\/div>\t\t\t\t<\/div>\n\t\t\t\t<\/div>\n\t\t\t\t<div class=\"elementor-element elementor-element-91f2182 elementor-align-center elementor-widget elementor-widget-ct_button\" data-id=\"91f2182\" data-element_type=\"widget\" data-widget_type=\"ct_button.default\">\n\t\t\t\t<div class=\"elementor-widget-container\">\n\t\t\t\t\t<div id=\"ct_button-91f2182\" class=\"ct-button-wrapper ct-button-layout1 icon- btn--inline\">\r\n    <div class=\"ct-inline-css\"  data-css=\"        \">\r\n    <\/div>\r\n            <span class=\"ct-icon-active\"><\/span>\r\n        <a href=\"https:\/\/onanor.mr\/wp-content\/uploads\/2025\/11\/Lettre-de-demande-client.docx\" target=\"_blank\" class=\"btn btn-default icon-active btn-inline-block\" data-wow-delay=\"ms\">\r\n                            <span class=\"ct-button-icon ct-align-icon-\">\r\n                            <\/span>\r\n                <span class=\"ct-button-text\">Lettre de demande client<\/span>\r\n    <\/a>\r\n<\/div>\t\t\t\t<\/div>\n\t\t\t\t<\/div>\n\t\t\t\t\t<\/div>\n\t\t\t\t<\/div>\n\t\t            <\/div>\n        <\/div>\n                    <\/div>\n        <\/section>\n        \t\t<\/div>","protected":false},"excerpt":{"rendered":"<p>Laboratoire National de M\u00e9trologie Le LNM est le laboratoire National de M\u00e9trologie Mauritanien qui d\u00e9pend de l\u2019Office National de la Normalisation et de la M\u00e9trologie (ONANOR), il a \u00e9t\u00e9 cr\u00e9\u00e9 par la loi N\u00b0 2010\/003 du 14 janvier 2010 et d\u00e9cret 2023\/080 du 09 Mai 2023. Il a pour r\u00f4le principal de d\u00e9tenir et d\u00e9velopper [&hellip;]<\/p>","protected":false},"author":1,"featured_media":0,"parent":0,"menu_order":0,"comment_status":"closed","ping_status":"closed","template":"","meta":{"footnotes":""},"class_list":["post-3495","page","type-page","status-publish","hentry"],"_links":{"self":[{"href":"https:\/\/onanor.mr\/ar\/wp-json\/wp\/v2\/pages\/3495","targetHints":{"allow":["GET"]}}],"collection":[{"href":"https:\/\/onanor.mr\/ar\/wp-json\/wp\/v2\/pages"}],"about":[{"href":"https:\/\/onanor.mr\/ar\/wp-json\/wp\/v2\/types\/page"}],"author":[{"embeddable":true,"href":"https:\/\/onanor.mr\/ar\/wp-json\/wp\/v2\/users\/1"}],"replies":[{"embeddable":true,"href":"https:\/\/onanor.mr\/ar\/wp-json\/wp\/v2\/comments?post=3495"}],"version-history":[{"count":16,"href":"https:\/\/onanor.mr\/ar\/wp-json\/wp\/v2\/pages\/3495\/revisions"}],"predecessor-version":[{"id":5580,"href":"https:\/\/onanor.mr\/ar\/wp-json\/wp\/v2\/pages\/3495\/revisions\/5580"}],"wp:attachment":[{"href":"https:\/\/onanor.mr\/ar\/wp-json\/wp\/v2\/media?parent=3495"}],"curies":[{"name":"wp","href":"https:\/\/api.w.org\/{rel}","templated":true}]}}