{"id":3491,"date":"2020-02-07T02:16:32","date_gmt":"2020-02-07T02:16:32","guid":{"rendered":"https:\/\/demo.casethemes.net\/consultio-corporate3\/?page_id=3491"},"modified":"2025-05-05T11:58:33","modified_gmt":"2025-05-05T11:58:33","slug":"missions","status":"publish","type":"page","link":"https:\/\/onanor.mr\/ar\/missions\/","title":{"rendered":"L\u2019Office"},"content":{"rendered":"<div data-elementor-type=\"wp-page\" data-elementor-id=\"3491\" class=\"elementor elementor-3491\" data-elementor-post-type=\"page\">\n\t\t\t\t        <section class=\"elementor-section elementor-top-section elementor-element elementor-element-40fd8216 elementor-section-boxed elementor-section-height-default elementor-section-height-default ct-header-fixed-none ct-row-max-none\" data-id=\"40fd8216\" data-element_type=\"section\">\n            \n                        <div class=\"elementor-container elementor-column-gap-extended\">\n                    <div class=\"elementor-column elementor-col-50 elementor-top-column elementor-element elementor-element-2a114ffb\" data-id=\"2a114ffb\" data-element_type=\"column\">\n        <div class=\"elementor-widget-wrap elementor-element-populated\">\n                    \n        \t\t<div class=\"elementor-element elementor-element-e7c34af elementor-widget elementor-widget-ct_heading\" data-id=\"e7c34af\" data-element_type=\"widget\" data-widget_type=\"ct_heading.default\">\n\t\t\t\t<div class=\"elementor-widget-container\">\n\t\t\t\t\t<div id=\"ct_heading-e7c34af\" class=\"ct-heading h-align- sub-style2 ct-heading-left item-st-default\">\r\n\t<div class=\"ct-item--inner\">\r\n        <div class=\"ct-inline-css\"  data-css=\"            \">\r\n        <\/div>\r\n            \t\t<div class=\"item--sub-title style2 show-line\">\r\n                                                ONANOR                                                            <\/div>\r\n    \t        <h3 class=\"item--title st-default wow wow fadeInUp\" data-wow-delay=\"ms\">\r\n                        <span class=\"sp-main\">\r\n                \r\n                L\u2019Office National de Normalisation et de la M\u00e9trologie,\r\n                \r\n                            <\/span>\r\n                    <\/h3>\r\n    <\/div>\r\n<\/div>\t\t\t\t<\/div>\n\t\t\t\t<\/div>\n\t\t\t\t<div class=\"elementor-element elementor-element-10df5e6a wow fadeInUp elementor-widget elementor-widget-text-editor\" data-id=\"10df5e6a\" data-element_type=\"widget\" data-widget_type=\"text-editor.default\">\n\t\t\t\t<div class=\"elementor-widget-container\">\n\t\t\t\t\t\t\t\t\t<p>Est un \u00e9tablissement Public \u00e0 caract\u00e8re Industriel et Commercial dont le si\u00e8ge est \u00e0 Nouakchott sous tutelle du Minist\u00e8re des Mines et de l\u2019Industrie, repr\u00e9sent\u00e9 par son Directeur G\u00e9n\u00e9ral, M. Lassana Adama KAMARA<\/p>\t\t\t\t\t\t\t\t<\/div>\n\t\t\t\t<\/div>\n\t\t            <\/div>\n        <\/div>\n                <div class=\"elementor-column elementor-col-50 elementor-top-column elementor-element elementor-element-431858c4\" data-id=\"431858c4\" data-element_type=\"column\">\n        <div class=\"elementor-widget-wrap elementor-element-populated\">\n                    \n        \t\t<div class=\"elementor-element elementor-element-160cdc54 wow fadeInRight elementor-widget elementor-widget-image\" data-id=\"160cdc54\" data-element_type=\"widget\" data-widget_type=\"image.default\">\n\t\t\t\t<div class=\"elementor-widget-container\">\n\t\t\t\t\t\t\t\t\t\t\t\t\t\t\t<img fetchpriority=\"high\" decoding=\"async\" width=\"1600\" height=\"1066\" src=\"https:\/\/onanor.mr\/wp-content\/uploads\/2025\/05\/PHOTO-2025-04-21-13-49-11.jpg\" class=\"attachment-full size-full wp-image-5287\" alt=\"\" srcset=\"https:\/\/onanor.mr\/wp-content\/uploads\/2025\/05\/PHOTO-2025-04-21-13-49-11.jpg 1600w, https:\/\/onanor.mr\/wp-content\/uploads\/2025\/05\/PHOTO-2025-04-21-13-49-11-300x200.jpg 300w, https:\/\/onanor.mr\/wp-content\/uploads\/2025\/05\/PHOTO-2025-04-21-13-49-11-1024x682.jpg 1024w, https:\/\/onanor.mr\/wp-content\/uploads\/2025\/05\/PHOTO-2025-04-21-13-49-11-768x512.jpg 768w, https:\/\/onanor.mr\/wp-content\/uploads\/2025\/05\/PHOTO-2025-04-21-13-49-11-1536x1023.jpg 1536w, https:\/\/onanor.mr\/wp-content\/uploads\/2025\/05\/PHOTO-2025-04-21-13-49-11-600x400.jpg 600w\" sizes=\"(max-width: 1600px) 100vw, 1600px\" \/>\t\t\t\t\t\t\t\t\t\t\t\t\t\t\t<\/div>\n\t\t\t\t<\/div>\n\t\t            <\/div>\n        <\/div>\n                    <\/div>\n        <\/section>\n                <section class=\"elementor-section elementor-top-section elementor-element elementor-element-41b62b34 elementor-section-stretched elementor-section-boxed elementor-section-height-default elementor-section-height-default ct-header-fixed-none ct-row-max-none\" data-id=\"41b62b34\" data-element_type=\"section\" data-settings=\"{&quot;stretch_section&quot;:&quot;section-stretched&quot;,&quot;background_background&quot;:&quot;classic&quot;}\">\n            \n                        <div class=\"elementor-container elementor-column-gap-default\">\n                    <div class=\"elementor-column elementor-col-100 elementor-top-column elementor-element elementor-element-5a7cd766\" data-id=\"5a7cd766\" data-element_type=\"column\">\n        <div class=\"elementor-widget-wrap elementor-element-populated\">\n                    \n        \t\t<div class=\"elementor-element elementor-element-e5a7675 elementor-widget elementor-widget-ct_title\" data-id=\"e5a7675\" data-element_type=\"widget\" data-widget_type=\"ct_title.default\">\n\t\t\t\t<div class=\"elementor-widget-container\">\n\t\t\t\t\t<div class=\"ct-title1 style1\">\r\n    <h3>\r\n    \t\t        <span>L\u2019Office National de Normalisation et de la M\u00e9trologie (ONANOR), a pour mission de :<\/span>\r\n\t        <i><\/i>\r\n\t        <\/h3>\r\n<\/div>\t\t\t\t<\/div>\n\t\t\t\t<\/div>\n\t\t\t\t<div class=\"elementor-element elementor-element-3586813 elementor-widget elementor-widget-text-editor\" data-id=\"3586813\" data-element_type=\"widget\" data-widget_type=\"text-editor.default\">\n\t\t\t\t<div class=\"elementor-widget-container\">\n\t\t\t\t\t\t\t\t\t<ul><li>\u00a0Contribuer \u00e0 l&#8217;\u00e9laboration et \u00e0 la mise en \u0153uvre de la politique du gouvernement dans les domaines de la normalisation, de la m\u00e9trologie et de l&#8217;\u00e9valuation de la conformit\u00e9 : c\u2019est-\u00e0-dire collecter, analyser et r\u00e9pondre aux besoins des secteurs public et priv\u00e9, en mati\u00e8re de normalisation, de m\u00e9trologie et de l&#8217;\u00e9valuation de la conformit\u00e9 ;<\/li><li>\u00c9tablir, maintenir et r\u00e9viser des normes nationales qui r\u00e9pondent aux besoins locaux et assurer l&#8217;acc\u00e8s aux normes internationales et d\u2019autres documents techniques normatifs ;<\/li><li>Promouvoir l&#8217;utilisation de la normalisation et de la m\u00e9trologie dans les secteurs public et priv\u00e9 et assurer la veille normative ;<\/li><li>Etablir la marque nationale de conformit\u00e9 et des certificats de conformit\u00e9 aux sp\u00e9cifications mauritaniennes pour les produits, services et personnes. L&#8217;Office g\u00e8re les marques de qualit\u00e9, d\u00e9finit les r\u00e8gles de leur utilisation et accorde les droits d&#8217;utilisation ;<\/li><li>Mettre en place un syst\u00e8me national de la m\u00e9trologie avec la cr\u00e9ation d\u2019un laboratoire national de r\u00e9f\u00e9rence pour la m\u00e9trologie ;<\/li><li>Assurer le fonctionnement et la gestion des syst\u00e8mes nationaux de la m\u00e9trologie, de la certification et de l&#8217;accr\u00e9ditation ;<\/li><li>Conserver et maintenir des \u00e9talons nationaux permettant le raccordement au Syst\u00e8me International des unit\u00e9s ;<\/li><li>Assister les autorit\u00e9s publiques dans le contr\u00f4le des instruments de mesure ;<\/li><li>Enregistrer, instruire et \u00e9mettre un avis sur les demandes d&#8217;agr\u00e9ment formul\u00e9es par les installateurs et les r\u00e9parateurs des instruments de mesure ;<\/li><li>Contribuer \u00e0 l&#8217;\u00e9laboration de la r\u00e9glementation technique relative aux instruments de mesure ;<\/li><li>Contribuer \u00e0 l\u2019am\u00e9lioration de la qualit\u00e9 des produits industriels, et commerciaux ainsi que la qualit\u00e9 des services ;<\/li><li>Apporter l&#8217;appui technique et former le personnel dans les domaines de la normalisation, de la m\u00e9trologie et de l&#8217;\u00e9valuation de la conformit\u00e9 ;<\/li><li>Suivi des accords internationaux bilat\u00e9raux et multilat\u00e9raux et repr\u00e9sentation du pays dans les instances internationales et r\u00e9gionales op\u00e9rantes dans les domaines de la normalisation, de la m\u00e9trologie et de l&#8217;\u00e9valuation de la conformit\u00e9 ;<\/li><li>Accomplir toutes les missions qui lui sont assign\u00e9es par les autorit\u00e9s publiques dans le cadre de ses attributions.<\/li><\/ul>\t\t\t\t\t\t\t\t<\/div>\n\t\t\t\t<\/div>\n\t\t            <\/div>\n        <\/div>\n                    <\/div>\n        <\/section>\n        \t\t<\/div>","protected":false},"excerpt":{"rendered":"<p>ONANOR L\u2019Office National de Normalisation et de la M\u00e9trologie, Est un \u00e9tablissement Public \u00e0 caract\u00e8re Industriel et Commercial dont le si\u00e8ge est \u00e0 Nouakchott sous tutelle du Minist\u00e8re des Mines et de l\u2019Industrie, repr\u00e9sent\u00e9 par son Directeur G\u00e9n\u00e9ral, M. Lassana Adama KAMARA L\u2019Office National de Normalisation et de la M\u00e9trologie (ONANOR), a pour mission de [&hellip;]<\/p>","protected":false},"author":1,"featured_media":0,"parent":0,"menu_order":0,"comment_status":"closed","ping_status":"closed","template":"","meta":{"footnotes":""},"class_list":["post-3491","page","type-page","status-publish","hentry"],"_links":{"self":[{"href":"https:\/\/onanor.mr\/ar\/wp-json\/wp\/v2\/pages\/3491","targetHints":{"allow":["GET"]}}],"collection":[{"href":"https:\/\/onanor.mr\/ar\/wp-json\/wp\/v2\/pages"}],"about":[{"href":"https:\/\/onanor.mr\/ar\/wp-json\/wp\/v2\/types\/page"}],"author":[{"embeddable":true,"href":"https:\/\/onanor.mr\/ar\/wp-json\/wp\/v2\/users\/1"}],"replies":[{"embeddable":true,"href":"https:\/\/onanor.mr\/ar\/wp-json\/wp\/v2\/comments?post=3491"}],"version-history":[{"count":45,"href":"https:\/\/onanor.mr\/ar\/wp-json\/wp\/v2\/pages\/3491\/revisions"}],"predecessor-version":[{"id":5337,"href":"https:\/\/onanor.mr\/ar\/wp-json\/wp\/v2\/pages\/3491\/revisions\/5337"}],"wp:attachment":[{"href":"https:\/\/onanor.mr\/ar\/wp-json\/wp\/v2\/media?parent=3491"}],"curies":[{"name":"wp","href":"https:\/\/api.w.org\/{rel}","templated":true}]}}