{"id":32,"date":"2019-10-30T08:05:37","date_gmt":"2019-10-30T08:05:37","guid":{"rendered":"https:\/\/demo.casethemes.net\/consultio-corporate3\/?page_id=32"},"modified":"2025-11-22T23:59:49","modified_gmt":"2025-11-22T23:59:49","slug":"prestations-metrologie","status":"publish","type":"page","link":"https:\/\/onanor.mr\/ar\/prestations-metrologie\/","title":{"rendered":"\u0627\u0644\u0645\u0639\u0627\u064a\u0631\u0629"},"content":{"rendered":"<div data-elementor-type=\"wp-page\" data-elementor-id=\"32\" class=\"elementor elementor-32\" data-elementor-post-type=\"page\">\n\t\t\t\t        <section class=\"elementor-section elementor-top-section elementor-element elementor-element-47aaa16 elementor-section-content-middle elementor-section-boxed elementor-section-height-default elementor-section-height-default ct-header-fixed-none ct-row-max-none\" data-id=\"47aaa16\" data-element_type=\"section\">\n            \n                        <div class=\"elementor-container elementor-column-gap-extended\">\n                    <div class=\"elementor-column elementor-col-50 elementor-top-column elementor-element elementor-element-2be9dea\" data-id=\"2be9dea\" data-element_type=\"column\">\n        <div class=\"elementor-widget-wrap elementor-element-populated\">\n                    \n        \t\t<div class=\"elementor-element elementor-element-72109c5 elementor-widget elementor-widget-ct_heading\" data-id=\"72109c5\" data-element_type=\"widget\" data-widget_type=\"ct_heading.default\">\n\t\t\t\t<div class=\"elementor-widget-container\">\n\t\t\t\t\t<div id=\"ct_heading-72109c5\" class=\"ct-heading h-align- sub-style1 ct-heading-left item-st-line-left3\">\r\n\t<div class=\"ct-item--inner\">\r\n        <div class=\"ct-inline-css\"  data-css=\"            \">\r\n        <\/div>\r\n                <h3 class=\"item--title st-line-left3 case-animate-time\" data-wow-delay=\"ms\">\r\n                        <span class=\"sp-main\">\r\n                \r\n                Prestations en M\u00e9trologie\r\n                \r\n                                    <i class=\"dot-shape\">\r\n                        <i><\/i>\r\n                        <i><\/i>\r\n                        <i><\/i>\r\n                        <i><\/i>\r\n                        <i><\/i>\r\n                        <i><\/i>\r\n                    <\/i>\r\n                            <\/span>\r\n                    <\/h3>\r\n    <\/div>\r\n<\/div>\t\t\t\t<\/div>\n\t\t\t\t<\/div>\n\t\t            <\/div>\n        <\/div>\n                <div class=\"elementor-column elementor-col-50 elementor-top-column elementor-element elementor-element-e3c1a10\" data-id=\"e3c1a10\" data-element_type=\"column\">\n        <div class=\"elementor-widget-wrap elementor-element-populated\">\n                    \n        \t\t<div class=\"elementor-element elementor-element-42e8890 elementor-widget elementor-widget-text-editor\" data-id=\"42e8890\" data-element_type=\"widget\" data-widget_type=\"text-editor.default\">\n\t\t\t\t<div class=\"elementor-widget-container\">\n\t\t\t\t\t\t\t\t\t<p>________________<\/p>\t\t\t\t\t\t\t\t<\/div>\n\t\t\t\t<\/div>\n\t\t            <\/div>\n        <\/div>\n                    <\/div>\n        <\/section>\n                <section class=\"elementor-section elementor-top-section elementor-element elementor-element-5c8389a elementor-section-boxed elementor-section-height-default elementor-section-height-default ct-header-fixed-none ct-row-max-none\" data-id=\"5c8389a\" data-element_type=\"section\">\n            \n                        <div class=\"elementor-container elementor-column-gap-extended\">\n                    <div class=\"elementor-column elementor-col-100 elementor-top-column elementor-element elementor-element-0632e7a\" data-id=\"0632e7a\" data-element_type=\"column\">\n        <div class=\"elementor-widget-wrap elementor-element-populated\">\n                    \n        \t\t<div class=\"elementor-element elementor-element-16a2486 elementor-widget elementor-widget-text-editor\" data-id=\"16a2486\" data-element_type=\"widget\" data-widget_type=\"text-editor.default\">\n\t\t\t\t<div class=\"elementor-widget-container\">\n\t\t\t\t\t\t\t\t\t<p>L\u2019Office National de la Normalisation et de la M\u00e9trologie de Mauritanie offre une large gamme de prestations en m\u00e9trologie industrielle, adapt\u00e9es aux besoins des entreprises et des institutions. Notre expertise repose sur quatre grandes familles de grandeurs, qui sont essentielles pour assurer la pr\u00e9cision et la fiabilit\u00e9 des mesures dans divers secteurs d&#8217;activit\u00e9.<\/p><ol><li>Masse et Pesage : Nous proposons des services d&#8217;\u00e9talonnage et de v\u00e9rification des instruments de pesage \u00e0 fonctionnement non automatique (IPFNA) de port\u00e9e maximale de 1 tonne, garantissant des mesures pr\u00e9cises et conformes aux normes en vigueur. Nos masses, allant de 1 mg \u00e0 20 kg, sont disponibles dans les classes F1, F2, M1, M2 et M3, assurant ainsi une tra\u00e7abilit\u00e9 et le raccordement au syst\u00e8me international de mesure (SI).<\/li><li>Volume : En mati\u00e8re de mesure de capacit\u00e9, nous r\u00e9alisons des op\u00e9rations de jaugeage et de mesure de volume allant de 1 ml \u00e0 20 L. Ces services permettent d\u2019assurer la conformit\u00e9 de vos \u00e9quipements de mesure aux exigences m\u00e9trologiques, essentielles pour le contr\u00f4le de la qualit\u00e9 des produits.<\/li><li>Temp\u00e9rature : Nous proposons \u00e9galement des services d&#8217;\u00e9talonnage de thermom\u00e8tres, de sondes et de cha\u00eenes de mesure dans une plage de temp\u00e9ratures allant de -40 \u00e0 80 degr\u00e9s Celsius. Cette gamme permet de garantir la pr\u00e9cision des mesures thermom\u00e9triques, cruciales dans de nombreux processus industriels.<\/li><\/ol><p>En compl\u00e9ment de ces prestations, notre \u00e9quipe d&#8217;experts est \u00e0 votre disposition pour vous apporter un soutien et des conseils dans le domaine de la m\u00e9trologie, ainsi que pour la pr\u00e9paration de sp\u00e9cifications techniques. Nous vous proposons \u00e9galement des formations adapt\u00e9es aux besoins de vos collaborateurs, ainsi que des services de gestion des \u00c9quipements de Contr\u00f4le, de Mesure et d&#8217;Essai (ECME).<\/p><p>Enfin, nous sommes en mesure de vous assister dans le calcul des incertitudes, \u00e9l\u00e9ment indispensable pour \u00e9valuer la pr\u00e9cision et la fiabilit\u00e9 des mesures effectu\u00e9es.<\/p><p>Nous nous engageons \u00e0 fournir des services de haute qualit\u00e9, r\u00e9pondant aux attentes de nos partenaires et contribuant \u00e0 l\u2019am\u00e9lioration continue de leurs processus industriels. Pour toute information compl\u00e9mentaire ou demande de service, n\u2019h\u00e9sitez pas \u00e0 nous contacter.<\/p>\t\t\t\t\t\t\t\t<\/div>\n\t\t\t\t<\/div>\n\t\t            <\/div>\n        <\/div>\n                    <\/div>\n        <\/section>\n        <div class=\"elementor-element elementor-element-e34cc07 e-grid e-con-boxed e-con e-parent\" data-id=\"e34cc07\" data-element_type=\"container\">\n\t\t\t\t\t<div class=\"e-con-inner\">\n\t\t\t\t<div class=\"elementor-element elementor-element-e7ff544 elementor-align-center elementor-widget elementor-widget-ct_button\" data-id=\"e7ff544\" data-element_type=\"widget\" data-widget_type=\"ct_button.default\">\n\t\t\t\t<div class=\"elementor-widget-container\">\n\t\t\t\t\t<div id=\"ct_button-e7ff544\" class=\"ct-button-wrapper ct-button-layout1 icon- btn--inline\">\r\n    <div class=\"ct-inline-css\"  data-css=\"        \">\r\n    <\/div>\r\n            <span class=\"ct-icon-active\"><\/span>\r\n        <a href=\"https:\/\/onanor.mr\/wp-content\/uploads\/2025\/11\/Catalogues-des-prestations-techniques.docx\" target=\"_blank\" class=\"btn btn-default icon-active btn-inline-block\" data-wow-delay=\"ms\">\r\n                            <span class=\"ct-button-icon ct-align-icon-\">\r\n                            <\/span>\r\n                <span class=\"ct-button-text\">Catalogues des prestations techniques<\/span>\r\n    <\/a>\r\n<\/div>\t\t\t\t<\/div>\n\t\t\t\t<\/div>\n\t\t\t\t<div class=\"elementor-element elementor-element-288751f elementor-align-center elementor-widget elementor-widget-ct_button\" data-id=\"288751f\" data-element_type=\"widget\" data-widget_type=\"ct_button.default\">\n\t\t\t\t<div class=\"elementor-widget-container\">\n\t\t\t\t\t<div id=\"ct_button-288751f\" class=\"ct-button-wrapper ct-button-layout1 icon- btn--inline\">\r\n    <div class=\"ct-inline-css\"  data-css=\"        \">\r\n    <\/div>\r\n            <span class=\"ct-icon-active\"><\/span>\r\n        <a href=\"https:\/\/onanor.mr\/wp-content\/uploads\/2025\/11\/Condition-generales-dexecution-des-prestations.docx\" target=\"_blank\" class=\"btn btn-default icon-active btn-inline-block\" data-wow-delay=\"ms\">\r\n                            <span class=\"ct-button-icon ct-align-icon-\">\r\n                            <\/span>\r\n                <span class=\"ct-button-text\">Condition ge\u0301ne\u0301rales d&#039;execution des prestations<\/span>\r\n    <\/a>\r\n<\/div>\t\t\t\t<\/div>\n\t\t\t\t<\/div>\n\t\t\t\t<div class=\"elementor-element elementor-element-a8b91cd elementor-align-center elementor-widget elementor-widget-ct_button\" data-id=\"a8b91cd\" data-element_type=\"widget\" data-widget_type=\"ct_button.default\">\n\t\t\t\t<div class=\"elementor-widget-container\">\n\t\t\t\t\t<div id=\"ct_button-a8b91cd\" class=\"ct-button-wrapper ct-button-layout1 icon- btn--inline\">\r\n    <div class=\"ct-inline-css\"  data-css=\"        \">\r\n    <\/div>\r\n            <span class=\"ct-icon-active\"><\/span>\r\n        <a href=\"https:\/\/onanor.mr\/wp-content\/uploads\/2025\/11\/Formulaire-de-demande-detalonnage-et-ou-caracterisation.docx\" target=\"_blank\" class=\"btn btn-default icon-active btn-inline-block\" data-wow-delay=\"ms\">\r\n                            <span class=\"ct-button-icon ct-align-icon-\">\r\n                            <\/span>\r\n                <span class=\"ct-button-text\">Formulaire de demande d&#039;e\u0301talonnage et-ou caracte\u0301risation<\/span>\r\n    <\/a>\r\n<\/div>\t\t\t\t<\/div>\n\t\t\t\t<\/div>\n\t\t\t\t<div class=\"elementor-element elementor-element-0338709 elementor-align-center elementor-widget elementor-widget-ct_button\" data-id=\"0338709\" data-element_type=\"widget\" data-widget_type=\"ct_button.default\">\n\t\t\t\t<div class=\"elementor-widget-container\">\n\t\t\t\t\t<div id=\"ct_button-0338709\" class=\"ct-button-wrapper ct-button-layout1 icon- btn--inline\">\r\n    <div class=\"ct-inline-css\"  data-css=\"        \">\r\n    <\/div>\r\n            <span class=\"ct-icon-active\"><\/span>\r\n        <a href=\"https:\/\/onanor.mr\/wp-content\/uploads\/2025\/11\/Lettre-de-demande-client.docx\" target=\"_blank\" class=\"btn btn-default icon-active btn-inline-block\" data-wow-delay=\"ms\">\r\n                            <span class=\"ct-button-icon ct-align-icon-\">\r\n                            <\/span>\r\n                <span class=\"ct-button-text\">Lettre de demande client<\/span>\r\n    <\/a>\r\n<\/div>\t\t\t\t<\/div>\n\t\t\t\t<\/div>\n\t\t\t\t\t<\/div>\n\t\t\t\t<\/div>\n\t\t\t\t<\/div>","protected":false},"excerpt":{"rendered":"<p>Prestations en M\u00e9trologie ________________ L\u2019Office National de la Normalisation et de la M\u00e9trologie de Mauritanie offre une large gamme de prestations en m\u00e9trologie industrielle, adapt\u00e9es aux besoins des entreprises et des institutions. Notre expertise repose sur quatre grandes familles de grandeurs, qui sont essentielles pour assurer la pr\u00e9cision et la fiabilit\u00e9 des mesures dans divers [&hellip;]<\/p>","protected":false},"author":1,"featured_media":0,"parent":0,"menu_order":0,"comment_status":"closed","ping_status":"closed","template":"","meta":{"footnotes":""},"class_list":["post-32","page","type-page","status-publish","hentry"],"_links":{"self":[{"href":"https:\/\/onanor.mr\/ar\/wp-json\/wp\/v2\/pages\/32","targetHints":{"allow":["GET"]}}],"collection":[{"href":"https:\/\/onanor.mr\/ar\/wp-json\/wp\/v2\/pages"}],"about":[{"href":"https:\/\/onanor.mr\/ar\/wp-json\/wp\/v2\/types\/page"}],"author":[{"embeddable":true,"href":"https:\/\/onanor.mr\/ar\/wp-json\/wp\/v2\/users\/1"}],"replies":[{"embeddable":true,"href":"https:\/\/onanor.mr\/ar\/wp-json\/wp\/v2\/comments?post=32"}],"version-history":[{"count":15,"href":"https:\/\/onanor.mr\/ar\/wp-json\/wp\/v2\/pages\/32\/revisions"}],"predecessor-version":[{"id":5577,"href":"https:\/\/onanor.mr\/ar\/wp-json\/wp\/v2\/pages\/32\/revisions\/5577"}],"wp:attachment":[{"href":"https:\/\/onanor.mr\/ar\/wp-json\/wp\/v2\/media?parent=32"}],"curies":[{"name":"wp","href":"https:\/\/api.w.org\/{rel}","templated":true}]}}