{"id":1972,"date":"2019-12-05T08:34:53","date_gmt":"2019-12-05T08:34:53","guid":{"rendered":"https:\/\/demo.casethemes.net\/consultio-corporate3\/?page_id=1972"},"modified":"2025-07-21T00:54:04","modified_gmt":"2025-07-21T00:54:04","slug":"infrastructure-qualite","status":"publish","type":"page","link":"https:\/\/onanor.mr\/ar\/infrastructure-qualite\/","title":{"rendered":"Infrastructure qualit\u00e9"},"content":{"rendered":"<div data-elementor-type=\"wp-page\" data-elementor-id=\"1972\" class=\"elementor elementor-1972\" data-elementor-post-type=\"page\">\n\t\t\t\t        <section class=\"elementor-section elementor-top-section elementor-element elementor-element-68c872 elementor-section-content-middle elementor-section-boxed elementor-section-height-default elementor-section-height-default ct-header-fixed-none ct-row-max-none\" data-id=\"68c872\" data-element_type=\"section\">\n            \n                        <div class=\"elementor-container elementor-column-gap-extended\">\n                    <div class=\"elementor-column elementor-col-50 elementor-top-column elementor-element elementor-element-553856d0\" data-id=\"553856d0\" data-element_type=\"column\">\n        <div class=\"elementor-widget-wrap\">\n                    \n                    <\/div>\n        <\/div>\n                <div class=\"elementor-column elementor-col-50 elementor-top-column elementor-element elementor-element-7bfd02a3\" data-id=\"7bfd02a3\" data-element_type=\"column\">\n        <div class=\"elementor-widget-wrap\">\n                    \n                    <\/div>\n        <\/div>\n                    <\/div>\n        <\/section>\n                <section class=\"elementor-section elementor-top-section elementor-element elementor-element-5f8a622 elementor-section-boxed elementor-section-height-default elementor-section-height-default ct-header-fixed-none ct-row-max-none\" data-id=\"5f8a622\" data-element_type=\"section\">\n            \n                        <div class=\"elementor-container elementor-column-gap-extended\">\n                    <div class=\"elementor-column elementor-col-100 elementor-top-column elementor-element elementor-element-ea0c095\" data-id=\"ea0c095\" data-element_type=\"column\">\n        <div class=\"elementor-widget-wrap elementor-element-populated\">\n                    \n        \t\t<div class=\"elementor-element elementor-element-31655fd elementor-widget elementor-widget-heading\" data-id=\"31655fd\" data-element_type=\"widget\" data-widget_type=\"heading.default\">\n\t\t\t\t<div class=\"elementor-widget-container\">\n\t\t\t\t\t<h3 class=\"elementor-heading-title elementor-size-default\">L\u2019infrastructure qualit\u00e9 en Mauritanie<\/h3>\t\t\t\t<\/div>\n\t\t\t\t<\/div>\n\t\t            <\/div>\n        <\/div>\n                    <\/div>\n        <\/section>\n        <div class=\"elementor-element elementor-element-c5e4f81 e-flex e-con-boxed e-con e-parent\" data-id=\"c5e4f81\" data-element_type=\"container\">\n\t\t\t\t\t<div class=\"e-con-inner\">\n\t\t<div class=\"elementor-element elementor-element-b2b0248 e-con-full e-flex e-con e-child\" data-id=\"b2b0248\" data-element_type=\"container\">\n\t\t\t\t<div class=\"elementor-element elementor-element-bf967f2 elementor-widget elementor-widget-text-editor\" data-id=\"bf967f2\" data-element_type=\"widget\" data-widget_type=\"text-editor.default\">\n\t\t\t\t<div class=\"elementor-widget-container\">\n\t\t\t\t\t\t\t\t\t<p>La notion de qualit\u00e9 ne repr\u00e9sente pas un concept in\u00e9dit pour la Mauritanie. En effet, le gouvernement mauritanien a depuis longtemps reconnu que l&#8217;absence de r\u00e9f\u00e9rentiels en mati\u00e8re de qualit\u00e9, ainsi que l&#8217;absence de garanties dans les mesures, constitue un frein au d\u00e9veloppement \u00e9conomique et industriel du pays. C&#8217;est donc anim\u00e9 par cette prise de conscience que la Mauritanie a engag\u00e9 un parcours vers l&#8217;am\u00e9lioration de la qualit\u00e9, un cheminement qui a abouti \u00e0 la cr\u00e9ation de l&#8217;Office National de Normalisation et de M\u00e9trologie (ONANOR). Cette institution vise \u00e0 \u00e9tablir des standards de qualit\u00e9 et \u00e0 promouvoir des pratiques conformes, contribuant ainsi \u00e0 la croissance et au d\u00e9veloppement durable de la nation.<\/p>\t\t\t\t\t\t\t\t<\/div>\n\t\t\t\t<\/div>\n\t\t\t\t<div class=\"elementor-element elementor-element-4fd5783 elementor-widget elementor-widget-text-editor\" data-id=\"4fd5783\" data-element_type=\"widget\" data-widget_type=\"text-editor.default\">\n\t\t\t\t<div class=\"elementor-widget-container\">\n\t\t\t\t\t\t\t\t\t<p><img fetchpriority=\"high\" decoding=\"async\" class=\"aligncenter wp-image-5359 size-full\" src=\"http:\/\/onanor.mr\/wp-content\/uploads\/2025\/07\/Screenshot-2025-07-20-at-8.09.57-PM.png\" alt=\"\" width=\"2366\" height=\"968\" srcset=\"https:\/\/onanor.mr\/wp-content\/uploads\/2025\/07\/Screenshot-2025-07-20-at-8.09.57-PM.png 2366w, https:\/\/onanor.mr\/wp-content\/uploads\/2025\/07\/Screenshot-2025-07-20-at-8.09.57-PM-300x123.png 300w, https:\/\/onanor.mr\/wp-content\/uploads\/2025\/07\/Screenshot-2025-07-20-at-8.09.57-PM-1024x419.png 1024w, https:\/\/onanor.mr\/wp-content\/uploads\/2025\/07\/Screenshot-2025-07-20-at-8.09.57-PM-768x314.png 768w, https:\/\/onanor.mr\/wp-content\/uploads\/2025\/07\/Screenshot-2025-07-20-at-8.09.57-PM-1536x628.png 1536w, https:\/\/onanor.mr\/wp-content\/uploads\/2025\/07\/Screenshot-2025-07-20-at-8.09.57-PM-2048x838.png 2048w, https:\/\/onanor.mr\/wp-content\/uploads\/2025\/07\/Screenshot-2025-07-20-at-8.09.57-PM-600x245.png 600w\" sizes=\"(max-width: 2366px) 100vw, 2366px\" \/><\/p>\t\t\t\t\t\t\t\t<\/div>\n\t\t\t\t<\/div>\n\t\t\t\t<div class=\"elementor-element elementor-element-824cac5 elementor-widget elementor-widget-text-editor\" data-id=\"824cac5\" data-element_type=\"widget\" data-widget_type=\"text-editor.default\">\n\t\t\t\t<div class=\"elementor-widget-container\">\n\t\t\t\t\t\t\t\t\t<p>Parce que la qualit\u00e9 est un effort commun et l\u2019affaire de tous, le gouvernement mauritanien s\u2019est entour\u00e9 depuis le d\u00e9but de partenaires techniques et financiers leaders \u00e0 l\u2019international dans le domaine de la Qualit\u00e9 pour assurer un d\u00e9veloppement durable des infrastructures qualit\u00e9 du pays, et instaurer ainsi une mentalit\u00e9 d\u2019am\u00e9lioration continue.<\/p>\t\t\t\t\t\t\t\t<\/div>\n\t\t\t\t<\/div>\n\t\t\t\t<div class=\"elementor-element elementor-element-52e1b06 elementor-widget elementor-widget-text-editor\" data-id=\"52e1b06\" data-element_type=\"widget\" data-widget_type=\"text-editor.default\">\n\t\t\t\t<div class=\"elementor-widget-container\">\n\t\t\t\t\t\t\t\t\t<p><img decoding=\"async\" class=\"alignnone wp-image-5361 size-full\" src=\"http:\/\/onanor.mr\/wp-content\/uploads\/2025\/07\/Screenshot-2025-07-20-at-8.25.24-PM.png\" alt=\"\" width=\"2286\" height=\"1046\" srcset=\"https:\/\/onanor.mr\/wp-content\/uploads\/2025\/07\/Screenshot-2025-07-20-at-8.25.24-PM.png 2286w, https:\/\/onanor.mr\/wp-content\/uploads\/2025\/07\/Screenshot-2025-07-20-at-8.25.24-PM-300x137.png 300w, https:\/\/onanor.mr\/wp-content\/uploads\/2025\/07\/Screenshot-2025-07-20-at-8.25.24-PM-1024x469.png 1024w, https:\/\/onanor.mr\/wp-content\/uploads\/2025\/07\/Screenshot-2025-07-20-at-8.25.24-PM-768x351.png 768w, https:\/\/onanor.mr\/wp-content\/uploads\/2025\/07\/Screenshot-2025-07-20-at-8.25.24-PM-1536x703.png 1536w, https:\/\/onanor.mr\/wp-content\/uploads\/2025\/07\/Screenshot-2025-07-20-at-8.25.24-PM-2048x937.png 2048w, https:\/\/onanor.mr\/wp-content\/uploads\/2025\/07\/Screenshot-2025-07-20-at-8.25.24-PM-600x275.png 600w\" sizes=\"(max-width: 2286px) 100vw, 2286px\" \/><\/p>\t\t\t\t\t\t\t\t<\/div>\n\t\t\t\t<\/div>\n\t\t\t\t<div class=\"elementor-element elementor-element-e8b0a95 elementor-widget elementor-widget-text-editor\" data-id=\"e8b0a95\" data-element_type=\"widget\" data-widget_type=\"text-editor.default\">\n\t\t\t\t<div class=\"elementor-widget-container\">\n\t\t\t\t\t\t\t\t\t<ul><li><strong>Mais au fait, c\u2019est quoi une infrastructure qualit\u00e9\u00a0?<\/strong><\/li><\/ul><p>Une infrastructure qualit\u00e9 d\u00e9signe l&#8217;ensemble des syst\u00e8mes, structures, institutions et ressources n\u00e9cessaires \u00e0 la mise en \u0153uvre et \u00e0 la gestion des processus de qualit\u00e9 dans un pays ou une organisation. Cela inclut notamment les normes, les r\u00e9glementations, les organismes de normalisation, les laboratoires d&#8217;essai, ainsi que les syst\u00e8mes de certification et d&#8217;accr\u00e9ditation. Une infrastructure qualit\u00e9 efficace est essentielle pour garantir la conformit\u00e9 des produits et services aux standards d\u00e9finis, favoriser la comp\u00e9titivit\u00e9 des entreprises, prot\u00e9ger les consommateurs et promouvoir le d\u00e9veloppement durable. Elle joue \u00e9galement un r\u00f4le crucial dans l&#8217;am\u00e9lioration continue des processus et des performances au sein des diff\u00e9rents secteurs \u00e9conomiques.<\/p><p>Les piliers principaux de l\u2019infrastructure qualit\u00e9 en Mauritanie sont la m\u00e9trologie, la normalisation, l&#8217;accr\u00e9ditation et la certification<\/p>\t\t\t\t\t\t\t\t<\/div>\n\t\t\t\t<\/div>\n\t\t\t\t<div class=\"elementor-element elementor-element-12095f0 elementor-widget elementor-widget-text-editor\" data-id=\"12095f0\" data-element_type=\"widget\" data-widget_type=\"text-editor.default\">\n\t\t\t\t<div class=\"elementor-widget-container\">\n\t\t\t\t\t\t\t\t\t<p><img decoding=\"async\" class=\"aligncenter wp-image-5362 size-full\" src=\"http:\/\/onanor.mr\/wp-content\/uploads\/2025\/07\/Screenshot-2025-07-20-at-8.27.22-PM.png\" alt=\"\" width=\"1774\" height=\"1052\" srcset=\"https:\/\/onanor.mr\/wp-content\/uploads\/2025\/07\/Screenshot-2025-07-20-at-8.27.22-PM.png 1774w, https:\/\/onanor.mr\/wp-content\/uploads\/2025\/07\/Screenshot-2025-07-20-at-8.27.22-PM-300x178.png 300w, https:\/\/onanor.mr\/wp-content\/uploads\/2025\/07\/Screenshot-2025-07-20-at-8.27.22-PM-1024x607.png 1024w, https:\/\/onanor.mr\/wp-content\/uploads\/2025\/07\/Screenshot-2025-07-20-at-8.27.22-PM-768x455.png 768w, https:\/\/onanor.mr\/wp-content\/uploads\/2025\/07\/Screenshot-2025-07-20-at-8.27.22-PM-1536x911.png 1536w, https:\/\/onanor.mr\/wp-content\/uploads\/2025\/07\/Screenshot-2025-07-20-at-8.27.22-PM-600x356.png 600w\" sizes=\"(max-width: 1774px) 100vw, 1774px\" \/><\/p>\t\t\t\t\t\t\t\t<\/div>\n\t\t\t\t<\/div>\n\t\t\t\t<\/div>\n\t\t<div class=\"elementor-element elementor-element-09f2e2f e-con-full e-flex e-con e-child\" data-id=\"09f2e2f\" data-element_type=\"container\">\n\t\t\t\t<\/div>\n\t\t\t\t\t<\/div>\n\t\t\t\t<\/div>\n\t\t        <section class=\"elementor-section elementor-top-section elementor-element elementor-element-380c36d3 elementor-section-boxed elementor-section-height-default elementor-section-height-default ct-header-fixed-none ct-row-max-none\" data-id=\"380c36d3\" data-element_type=\"section\">\n            \n                        <div class=\"elementor-container elementor-column-gap-extended\">\n                    <div class=\"elementor-column elementor-col-100 elementor-top-column elementor-element elementor-element-610f6d59\" data-id=\"610f6d59\" data-element_type=\"column\">\n        <div class=\"elementor-widget-wrap\">\n                    \n                    <\/div>\n        <\/div>\n                    <\/div>\n        <\/section>\n        \t\t<\/div>","protected":false},"excerpt":{"rendered":"<p>L\u2019infrastructure qualit\u00e9 en Mauritanie La notion de qualit\u00e9 ne repr\u00e9sente pas un concept in\u00e9dit pour la Mauritanie. En effet, le gouvernement mauritanien a depuis longtemps reconnu que l&#8217;absence de r\u00e9f\u00e9rentiels en mati\u00e8re de qualit\u00e9, ainsi que l&#8217;absence de garanties dans les mesures, constitue un frein au d\u00e9veloppement \u00e9conomique et industriel du pays. C&#8217;est donc anim\u00e9 [&hellip;]<\/p>","protected":false},"author":1,"featured_media":0,"parent":0,"menu_order":0,"comment_status":"closed","ping_status":"closed","template":"","meta":{"footnotes":""},"class_list":["post-1972","page","type-page","status-publish","hentry"],"_links":{"self":[{"href":"https:\/\/onanor.mr\/ar\/wp-json\/wp\/v2\/pages\/1972","targetHints":{"allow":["GET"]}}],"collection":[{"href":"https:\/\/onanor.mr\/ar\/wp-json\/wp\/v2\/pages"}],"about":[{"href":"https:\/\/onanor.mr\/ar\/wp-json\/wp\/v2\/types\/page"}],"author":[{"embeddable":true,"href":"https:\/\/onanor.mr\/ar\/wp-json\/wp\/v2\/users\/1"}],"replies":[{"embeddable":true,"href":"https:\/\/onanor.mr\/ar\/wp-json\/wp\/v2\/comments?post=1972"}],"version-history":[{"count":6,"href":"https:\/\/onanor.mr\/ar\/wp-json\/wp\/v2\/pages\/1972\/revisions"}],"predecessor-version":[{"id":5372,"href":"https:\/\/onanor.mr\/ar\/wp-json\/wp\/v2\/pages\/1972\/revisions\/5372"}],"wp:attachment":[{"href":"https:\/\/onanor.mr\/ar\/wp-json\/wp\/v2\/media?parent=1972"}],"curies":[{"name":"wp","href":"https:\/\/api.w.org\/{rel}","templated":true}]}}